{"id":9097,"date":"2022-11-18T14:46:06","date_gmt":"2022-11-18T11:46:06","guid":{"rendered":"https:\/\/yesilakademi.org\/?page_id=9097"},"modified":"2022-11-18T14:46:06","modified_gmt":"2022-11-18T11:46:06","slug":"nasil-kullanilir","status":"publish","type":"page","link":"https:\/\/yesilakademi.org\/tr\/nasil-kullanilir\/","title":{"rendered":"Nas\u0131l Kullan\u0131l\u0131r"},"content":{"rendered":"<p>[vc_row full_width=&#8221;stretch_row_content&#8221;][vc_column][vc_tta_tour title_tag=&#8221;h5&#8243; section_title_tag=&#8221;h6&#8243; controls_size=&#8221;sm&#8221; active_section=&#8221;1&#8243;][vc_tta_section title=&#8221;Giri\u015f Yap \/ Kay\u0131t Ol&#8221; tab_id=&#8221;1668760109119-a1984e11-6698&#8243;][vc_custom_heading text=&#8221;Giri\u015f Yap \/ Kay\u0131t Ol&#8221; font_container=&#8221;tag:h3|text_align:center&#8221; google_fonts=&#8221;font_family:Montserrat%3Aregular%2C700|font_style:400%20regular%3A400%3Anormal&#8221;][vc_message]Derslere ulu\u015fmak i\u00e7in sitenin sa\u011f \u00fcst k\u00f6\u015fesinden giri\u015f yapabilir veya kay\u0131t olabilirsiniz.[\/vc_message][vc_single_image image=&#8221;9223&#8243; img_size=&#8221;full&#8221;][\/vc_tta_section][vc_tta_section title=&#8221;Kursa Ba\u015flamak \/ Devam Etmek&#8221; tab_id=&#8221;1668760109124-f2df09fc-5487&#8243;][vc_custom_heading text=&#8221;Kursa Ba\u015flamak \/ Devam Etmek&#8221; font_container=&#8221;tag:h3|text_align:center&#8221; google_fonts=&#8221;font_family:Montserrat%3Aregular%2C700|font_style:400%20regular%3A400%3Anormal&#8221;][vc_message]Derslere ba\u015flamak i\u00e7in se\u00e7ti\u011finiz dersin sa\u011f \u00fcst k\u00f6\u015fesinden kursa ba\u015fla veya kald\u0131\u011f\u0131n\u0131z yerden devam etmek i\u00e7in devam et demeniz yeterlidir.[\/vc_message][vc_single_image image=&#8221;9225&#8243; img_size=&#8221;full&#8221;][\/vc_tta_section][vc_tta_section title=&#8221;Kurs Yard\u0131mc\u0131lar\u0131&#8221; tab_id=&#8221;1668766362055-22ee32ce-3e22&#8243;][vc_custom_heading text=&#8221;Kurs Yard\u0131mc\u0131lar\u0131&#8221; font_container=&#8221;tag:h3|text_align:center&#8221; google_fonts=&#8221;font_family:Montserrat%3Aregular%2C700|font_style:400%20regular%3A400%3Anormal&#8221;][vc_message message_box_color=&#8221;sky&#8221;]B\u00f6l\u00fcm\u00fc tamamlad\u0131\u011f\u0131n\u0131zda i\u015faretlemeniz gereken alan. (Mavi i\u015faretli)[\/vc_message][vc_message message_box_color=&#8221;orange&#8221;]B\u00f6l\u00fcm\u00fc tamamlad\u0131ktan sonra s\u0131radaki b\u00f6l\u00fcme ge\u00e7ti\u011finiz alan. (Turuncu \u0130\u015faretli)[\/vc_message][vc_message message_box_color=&#8221;green&#8221;]B\u00f6l\u00fcm ile ilgili sorulan sorular\u0131 ve cevaplar\u0131 g\u00f6r\u00fcnt\u00fcleyebildi\u011finiz ve sorular\u0131n\u0131z\u0131 yazabilece\u011finiz alan. (Ye\u015fil \u0130\u015faretli)[\/vc_message][vc_message message_box_color=&#8221;violet&#8221;]Kursun t\u00fcm b\u00f6l\u00fcmlerini g\u00f6r\u00fcnt\u00fcleyebildi\u011finiz ve aralar\u0131nda ge\u00e7i\u015f yapabildi\u011finiz alan. (Mor \u0130\u015faretli)[\/vc_message][vc_single_image image=&#8221;9216&#8243; img_size=&#8221;full&#8221;][\/vc_tta_section][vc_tta_section title=&#8221;Test \/ Quiz&#8221; tab_id=&#8221;1668768092429-beca869d-8f1f&#8221;][vc_custom_heading text=&#8221;Test \/ Quiz&#8221; font_container=&#8221;tag:h3|text_align:center&#8221; google_fonts=&#8221;font_family:Montserrat%3Aregular%2C700|font_style:400%20regular%3A400%3Anormal&#8221;][vc_message message_box_color=&#8221;sky&#8221;]Testi tamamlad\u0131ktan sonra \u00e7\u0131kan ekrandan &#8220;yan\u0131tlar\u0131 g\u00f6ster&#8221; butonunu se\u00e7ip yanl\u0131\u015f yapt\u0131\u011f\u0131n\u0131z sorular\u0131n do\u011fru cevaplar\u0131n\u0131 g\u00f6r\u00fcnt\u00fcleyebilirsiniz.[\/vc_message][vc_single_image image=&#8221;9230&#8243; img_size=&#8221;full&#8221;][vc_separator][vc_single_image image=&#8221;9232&#8243; img_size=&#8221;full&#8221;][\/vc_tta_section][vc_tta_section title=&#8221;Sertifika&#8221; tab_id=&#8221;1668769760878-e8d702e1-61d4&#8243;][vc_custom_heading text=&#8221;Sertifika&#8221; font_container=&#8221;tag:h3|text_align:center&#8221; google_fonts=&#8221;font_family:Montserrat%3Aregular%2C700|font_style:400%20regular%3A400%3Anormal&#8221;][vc_message message_box_color=&#8221;sky&#8221;]Kursu tamamlad\u0131ktan sonra \u00e7\u0131kan ekrandan &#8220;sertifika&#8221; butonunu se\u00e7ip sertikan\u0131z\u0131 g\u00f6r\u00fcnt\u00fcleyebilirsiniz.[\/vc_message][vc_single_image image=&#8221;9236&#8243; img_size=&#8221;full&#8221;][vc_separator][vc_message message_box_color=&#8221;violet&#8221;]Anasayfada sa\u011f \u00fcstten isminizi t\u0131klay\u0131p a\u00e7\u0131lan men\u00fcden sertifikalar b\u00f6l\u00fcm\u00fcn\u00fc se\u00e7ip ald\u0131\u011f\u0131n\u0131z t\u00fcm sertifiakalara ula\u015fabilirsiniz.[\/vc_message][vc_single_image image=&#8221;9238&#8243; img_size=&#8221;full&#8221;][\/vc_tta_section][\/vc_tta_tour][\/vc_column][\/vc_row][vc_row][vc_column][\/vc_column][\/vc_row]<\/p>\n","protected":false},"excerpt":{"rendered":"<p>[vc_row full_width=&#8221;stretch_row_content&#8221;][vc_column][vc_tta_tour title_tag=&#8221;h5&#8243; section_title_tag=&#8221;h6&#8243; controls_size=&#8221;sm&#8221; active_section=&#8221;1&#8243;][vc_tta_section title=&#8221;Giri\u015f Yap \/ Kay\u0131t Ol&#8221; tab_id=&#8221;1668760109119-a1984e11-6698&#8243;][vc_custom_heading text=&#8221;Giri\u015f Yap \/ Kay\u0131t Ol&#8221; font_container=&#8221;tag:h3|text_align:center&#8221; google_fonts=&#8221;font_family:Montserrat%3Aregular%2C700|font_style:400%20regular%3A400%3Anormal&#8221;][vc_message]Derslere ulu\u015fmak i\u00e7in sitenin sa\u011f \u00fcst k\u00f6\u015fesinden giri\u015f yapabilir veya kay\u0131t olabilirsiniz.[\/vc_message][vc_single_image image=&#8221;9223&#8243; img_size=&#8221;full&#8221;][\/vc_tta_section][vc_tta_section title=&#8221;Kursa Ba\u015flamak \/ Devam Etmek&#8221; tab_id=&#8221;1668760109124-f2df09fc-5487&#8243;][vc_custom_heading text=&#8221;Kursa Ba\u015flamak \/ Devam Etmek&#8221; font_container=&#8221;tag:h3|text_align:center&#8221; google_fonts=&#8221;font_family:Montserrat%3Aregular%2C700|font_style:400%20regular%3A400%3Anormal&#8221;][vc_message]Derslere ba\u015flamak i\u00e7in se\u00e7ti\u011finiz dersin sa\u011f \u00fcst k\u00f6\u015fesinden kursa ba\u015fla veya [&hellip;]<\/p>\n","protected":false},"author":1,"featured_media":0,"parent":0,"menu_order":0,"comment_status":"closed","ping_status":"closed","template":"","meta":{"footnotes":""},"class_list":["post-9097","page","type-page","status-publish","hentry"],"_links":{"self":[{"href":"https:\/\/yesilakademi.org\/tr\/wp-json\/wp\/v2\/pages\/9097","targetHints":{"allow":["GET"]}}],"collection":[{"href":"https:\/\/yesilakademi.org\/tr\/wp-json\/wp\/v2\/pages"}],"about":[{"href":"https:\/\/yesilakademi.org\/tr\/wp-json\/wp\/v2\/types\/page"}],"author":[{"embeddable":true,"href":"https:\/\/yesilakademi.org\/tr\/wp-json\/wp\/v2\/users\/1"}],"replies":[{"embeddable":true,"href":"https:\/\/yesilakademi.org\/tr\/wp-json\/wp\/v2\/comments?post=9097"}],"version-history":[{"count":51,"href":"https:\/\/yesilakademi.org\/tr\/wp-json\/wp\/v2\/pages\/9097\/revisions"}],"predecessor-version":[{"id":9254,"href":"https:\/\/yesilakademi.org\/tr\/wp-json\/wp\/v2\/pages\/9097\/revisions\/9254"}],"wp:attachment":[{"href":"https:\/\/yesilakademi.org\/tr\/wp-json\/wp\/v2\/media?parent=9097"}],"curies":[{"name":"wp","href":"https:\/\/api.w.org\/{rel}","templated":true}]}}