{"id":7509,"date":"2022-07-25T15:49:07","date_gmt":"2022-07-25T12:49:07","guid":{"rendered":"https:\/\/yesilakademi.org\/?page_id=7509"},"modified":"2022-07-25T20:58:57","modified_gmt":"2022-07-25T17:58:57","slug":"uyelik-kapatma","status":"publish","type":"page","link":"https:\/\/yesilakademi.org\/tr\/uyelik-kapatma\/","title":{"rendered":"Uyelik Kapatma"},"content":{"rendered":"<p>[vc_row][vc_column width=&#8221;2\/3&#8243;][vc_message message_box_color=&#8221;pink&#8221;]<\/p>\n<h5>&#8220;Giri\u015f yap&#8221; d\u00fc\u011fmesinin alt\u0131nda &#8221; Hesab\u0131 Kal\u0131c\u0131 Olarak Sil &#8221; Linkini g\u00f6r\u00fcnt\u00fcleyemiyorsan\u0131z l\u00fctfen \u00f6nce giri\u015f yap\u0131n\u0131z ! Giri\u015f yapt\u0131ktan sonra &#8220;Hesab\u0131 sil&#8221; d\u00fc\u011fmesinden tekrar bu ekrana geliniz !<\/h5>\n<p>[\/vc_message][\/vc_column][vc_column width=&#8221;1\/3&#8243;][vc_btn title=&#8221;Giri\u015f Yap&#8221; color=&#8221;primary&#8221; link=&#8221;url:https%3A%2F%2Fyesilakademi.org%2Fuser-account%2F|title:User%20Account&#8221;][vc_column_text][plugin_delete_me \/][\/vc_column_text][\/vc_column][\/vc_row]<\/p>\n","protected":false},"excerpt":{"rendered":"<p>[vc_row][vc_column width=&#8221;2\/3&#8243;][vc_message message_box_color=&#8221;pink&#8221;] &#8220;Giri\u015f yap&#8221; d\u00fc\u011fmesinin alt\u0131nda &#8221; Hesab\u0131 Kal\u0131c\u0131 Olarak Sil &#8221; Linkini g\u00f6r\u00fcnt\u00fcleyemiyorsan\u0131z l\u00fctfen \u00f6nce giri\u015f yap\u0131n\u0131z ! Giri\u015f yapt\u0131ktan sonra &#8220;Hesab\u0131 sil&#8221; d\u00fc\u011fmesinden tekrar bu ekrana geliniz ! [\/vc_message][\/vc_column][vc_column width=&#8221;1\/3&#8243;][vc_btn title=&#8221;Giri\u015f Yap&#8221; color=&#8221;primary&#8221; link=&#8221;url:https%3A%2F%2Fyesilakademi.org%2Fuser-account%2F|title:User%20Account&#8221;][vc_column_text][plugin_delete_me \/][\/vc_column_text][\/vc_column][\/vc_row]<\/p>\n","protected":false},"author":128,"featured_media":0,"parent":0,"menu_order":0,"comment_status":"closed","ping_status":"closed","template":"","meta":{"footnotes":""},"class_list":["post-7509","page","type-page","status-publish","hentry"],"_links":{"self":[{"href":"https:\/\/yesilakademi.org\/tr\/wp-json\/wp\/v2\/pages\/7509","targetHints":{"allow":["GET"]}}],"collection":[{"href":"https:\/\/yesilakademi.org\/tr\/wp-json\/wp\/v2\/pages"}],"about":[{"href":"https:\/\/yesilakademi.org\/tr\/wp-json\/wp\/v2\/types\/page"}],"author":[{"embeddable":true,"href":"https:\/\/yesilakademi.org\/tr\/wp-json\/wp\/v2\/users\/128"}],"replies":[{"embeddable":true,"href":"https:\/\/yesilakademi.org\/tr\/wp-json\/wp\/v2\/comments?post=7509"}],"version-history":[{"count":8,"href":"https:\/\/yesilakademi.org\/tr\/wp-json\/wp\/v2\/pages\/7509\/revisions"}],"predecessor-version":[{"id":7539,"href":"https:\/\/yesilakademi.org\/tr\/wp-json\/wp\/v2\/pages\/7509\/revisions\/7539"}],"wp:attachment":[{"href":"https:\/\/yesilakademi.org\/tr\/wp-json\/wp\/v2\/media?parent=7509"}],"curies":[{"name":"wp","href":"https:\/\/api.w.org\/{rel}","templated":true}]}}