{"id":6891,"date":"2022-06-09T16:09:57","date_gmt":"2022-06-09T13:09:57","guid":{"rendered":"https:\/\/yesilakademi.org\/?page_id=6891"},"modified":"2022-06-09T16:13:32","modified_gmt":"2022-06-09T13:13:32","slug":"katkida-bulunanlar","status":"publish","type":"page","link":"https:\/\/yesilakademi.org\/tr\/katkida-bulunanlar\/","title":{"rendered":"Katk\u0131da Bulunanlar"},"content":{"rendered":"<p>[vc_row][vc_column][vc_column_text]<\/p>\n<table width=\"661\">\n<tbody>\n<tr>\n<td width=\"255\"><strong>Ad\u0131 Soyad\u0131<\/strong><\/td>\n<td width=\"406\"><strong>Kurumu<\/strong><\/td>\n<\/tr>\n<tr>\n<td width=\"255\">Prof.Dr.Ceylan Zafer<\/td>\n<td width=\"406\">Ege \u00dcniversitesi G\u00fcne\u015f Enerjisi Enstit\u00fcs\u00fc<\/td>\n<\/tr>\n<tr>\n<td width=\"255\">Ece Akay Demir<\/td>\n<td width=\"406\">GTE Karbon<\/td>\n<\/tr>\n<tr>\n<td width=\"255\">Gonca Aksoy Ko\u00e7<\/td>\n<td width=\"406\">Enda Enerji Holding A.\u015e.<\/td>\n<\/tr>\n<tr>\n<td width=\"255\">Mehmet Kemal Demirkol<\/td>\n<td width=\"406\">GTE Karbon<\/td>\n<\/tr>\n<tr>\n<td width=\"255\">Melek Uslular<\/td>\n<td width=\"406\">\u0130zmir B\u00fcy\u00fck\u015fehir Belediyesi Sosyal Projeler Daire\u00a0 Ba\u015fkanl\u0131\u011f\u0131<\/td>\n<\/tr>\n<tr>\n<td width=\"255\">\u00d6zlem Polat<\/td>\n<td width=\"406\">\u0130zmir B\u00fcy\u00fck\u015fehir Belediyesi Sosyal Projeler Daire\u00a0 Ba\u015fkanl\u0131\u011f\u0131<\/td>\n<\/tr>\n<tr>\n<td width=\"255\">Se\u00e7kin Demiryapan<\/td>\n<td width=\"406\">Enda Enerji Holding A.\u015e.<\/td>\n<\/tr>\n<tr>\n<td width=\"255\">Taylan Kaba\u015f<\/td>\n<td width=\"406\">Enda Enerji Holding A.\u015e.<\/td>\n<\/tr>\n<tr>\n<td width=\"255\">Yal\u00e7\u0131n Kaya Ayd\u0131n<\/td>\n<td width=\"406\">Enda Enerji Holding A.\u015e.<\/td>\n<\/tr>\n<\/tbody>\n<\/table>\n<p>[\/vc_column_text][\/vc_column][\/vc_row]<\/p>\n","protected":false},"excerpt":{"rendered":"<p>[vc_row][vc_column][vc_column_text] Ad\u0131 Soyad\u0131 Kurumu Prof.Dr.Ceylan Zafer Ege \u00dcniversitesi G\u00fcne\u015f Enerjisi Enstit\u00fcs\u00fc Ece Akay Demir GTE Karbon Gonca Aksoy Ko\u00e7 Enda Enerji Holding A.\u015e. Mehmet Kemal Demirkol GTE Karbon Melek Uslular \u0130zmir B\u00fcy\u00fck\u015fehir Belediyesi Sosyal Projeler Daire\u00a0 Ba\u015fkanl\u0131\u011f\u0131 \u00d6zlem Polat \u0130zmir B\u00fcy\u00fck\u015fehir Belediyesi Sosyal Projeler Daire\u00a0 Ba\u015fkanl\u0131\u011f\u0131 Se\u00e7kin Demiryapan Enda Enerji Holding A.\u015e. Taylan Kaba\u015f Enda [&hellip;]<\/p>\n","protected":false},"author":1,"featured_media":0,"parent":0,"menu_order":0,"comment_status":"closed","ping_status":"closed","template":"","meta":{"footnotes":""},"class_list":["post-6891","page","type-page","status-publish","hentry"],"_links":{"self":[{"href":"https:\/\/yesilakademi.org\/tr\/wp-json\/wp\/v2\/pages\/6891","targetHints":{"allow":["GET"]}}],"collection":[{"href":"https:\/\/yesilakademi.org\/tr\/wp-json\/wp\/v2\/pages"}],"about":[{"href":"https:\/\/yesilakademi.org\/tr\/wp-json\/wp\/v2\/types\/page"}],"author":[{"embeddable":true,"href":"https:\/\/yesilakademi.org\/tr\/wp-json\/wp\/v2\/users\/1"}],"replies":[{"embeddable":true,"href":"https:\/\/yesilakademi.org\/tr\/wp-json\/wp\/v2\/comments?post=6891"}],"version-history":[{"count":2,"href":"https:\/\/yesilakademi.org\/tr\/wp-json\/wp\/v2\/pages\/6891\/revisions"}],"predecessor-version":[{"id":6903,"href":"https:\/\/yesilakademi.org\/tr\/wp-json\/wp\/v2\/pages\/6891\/revisions\/6903"}],"wp:attachment":[{"href":"https:\/\/yesilakademi.org\/tr\/wp-json\/wp\/v2\/media?parent=6891"}],"curies":[{"name":"wp","href":"https:\/\/api.w.org\/{rel}","templated":true}]}}