{"id":6881,"date":"2022-06-09T16:04:40","date_gmt":"2022-06-09T13:04:40","guid":{"rendered":"https:\/\/yesilakademi.org\/?page_id=6881"},"modified":"2022-06-09T16:20:59","modified_gmt":"2022-06-09T13:20:59","slug":"cozumun-parcasi-ol","status":"publish","type":"page","link":"https:\/\/yesilakademi.org\/tr\/cozumun-parcasi-ol\/","title":{"rendered":"\u00c7\u00f6z\u00fcm\u00fcn Par\u00e7as\u0131 Ol"},"content":{"rendered":"<p>[vc_row][vc_column][vc_video link=&#8221;https:\/\/www.youtube.com\/embed\/wMyzSgyB-vY?playlist=wMyzSgyB-vY&amp;loop=1&amp;rel=0&#8243;][\/vc_column][\/vc_row]<\/p>\n","protected":false},"excerpt":{"rendered":"<p>[vc_row][vc_column][vc_video link=&#8221;https:\/\/www.youtube.com\/embed\/wMyzSgyB-vY?playlist=wMyzSgyB-vY&amp;loop=1&amp;rel=0&#8243;][\/vc_column][\/vc_row]<\/p>\n","protected":false},"author":1,"featured_media":5858,"parent":0,"menu_order":0,"comment_status":"closed","ping_status":"closed","template":"","meta":{"footnotes":""},"class_list":["post-6881","page","type-page","status-publish","has-post-thumbnail","hentry"],"_links":{"self":[{"href":"https:\/\/yesilakademi.org\/tr\/wp-json\/wp\/v2\/pages\/6881","targetHints":{"allow":["GET"]}}],"collection":[{"href":"https:\/\/yesilakademi.org\/tr\/wp-json\/wp\/v2\/pages"}],"about":[{"href":"https:\/\/yesilakademi.org\/tr\/wp-json\/wp\/v2\/types\/page"}],"author":[{"embeddable":true,"href":"https:\/\/yesilakademi.org\/tr\/wp-json\/wp\/v2\/users\/1"}],"replies":[{"embeddable":true,"href":"https:\/\/yesilakademi.org\/tr\/wp-json\/wp\/v2\/comments?post=6881"}],"version-history":[{"count":4,"href":"https:\/\/yesilakademi.org\/tr\/wp-json\/wp\/v2\/pages\/6881\/revisions"}],"predecessor-version":[{"id":6914,"href":"https:\/\/yesilakademi.org\/tr\/wp-json\/wp\/v2\/pages\/6881\/revisions\/6914"}],"wp:featuredmedia":[{"embeddable":true,"href":"https:\/\/yesilakademi.org\/tr\/wp-json\/wp\/v2\/media\/5858"}],"wp:attachment":[{"href":"https:\/\/yesilakademi.org\/tr\/wp-json\/wp\/v2\/media?parent=6881"}],"curies":[{"name":"wp","href":"https:\/\/api.w.org\/{rel}","templated":true}]}}