{"id":6870,"date":"2022-06-09T15:57:33","date_gmt":"2022-06-09T12:57:33","guid":{"rendered":"https:\/\/yesilakademi.org\/?page_id=6870"},"modified":"2022-06-09T15:59:53","modified_gmt":"2022-06-09T12:59:53","slug":"egitim-icerikleri","status":"publish","type":"page","link":"https:\/\/yesilakademi.org\/tr\/egitim-icerikleri\/","title":{"rendered":"E\u011fitim i\u00e7erikleri"},"content":{"rendered":"<p>[vc_row][vc_column][vc_column_text]<\/p>\n<table width=\"1213\">\n<tbody>\n<tr>\n<td colspan=\"5\" width=\"703\">YE\u015e\u0130L AKADEM\u0130 PLATFORMU \u0130\u00c7ER\u0130K TABLOSU<\/td>\n<td width=\"255\"><\/td>\n<td width=\"255\"><\/td>\n<\/tr>\n<tr>\n<td>ANA BA\u015eLIK<\/td>\n<td>SIRA<\/td>\n<td>KONULAR<\/td>\n<td>SEV\u0130YE<\/td>\n<td>\u0130\u00c7ER\u0130K<\/td>\n<td>Haz\u0131rlayan<\/td>\n<td>Sunan<\/td>\n<\/tr>\n<tr>\n<td><\/td>\n<td><\/td>\n<td>B\u00f6l\u00fcm Giri\u015fi<\/td>\n<td><\/td>\n<td>K\u0131sa Bilgi<\/td>\n<td><\/td>\n<td><\/td>\n<\/tr>\n<tr>\n<td><\/td>\n<td>1<\/td>\n<td>\u0130klim ve \u0130klim De\u011fi\u015fikli\u011fi<\/td>\n<td>Ba\u015flag\u0131\u00e7<\/td>\n<td>Video<\/td>\n<td>Yasemen Bilgili<\/td>\n<td>G\u00f6kmen Ulu<\/td>\n<\/tr>\n<tr>\n<td><\/td>\n<td>2<\/td>\n<td>Atmosferdeki Sera Gazlar\u0131 ve Etkisi<\/td>\n<td>Ba\u015flag\u0131\u00e7<\/td>\n<td>Video<\/td>\n<td>Se\u00e7il Uysal<\/td>\n<td>Demet Yap\u0131c\u0131o\u011flu G\u00fcrcan<\/td>\n<\/tr>\n<tr>\n<td><\/td>\n<td>3<\/td>\n<td>Sera Gazlar\u0131 Art\u0131\u015f\u0131n\u0131n Tarihsel Geli\u015fimi<\/td>\n<td>Ba\u015flag\u0131\u00e7<\/td>\n<td>Dok\u00fcman<\/td>\n<td>Se\u00e7il Uysal<\/td>\n<td><\/td>\n<\/tr>\n<tr>\n<td><\/td>\n<td>4<\/td>\n<td>\u0130klim de\u011fi\u015fikli\u011finin g\u00f6zlenen ve \u00f6ng\u00f6r\u00fclen sonu\u00e7lar\u0131-1<\/td>\n<td>Ba\u015flag\u0131\u00e7<\/td>\n<td>Video<\/td>\n<td>Prof.Dr.Do\u011fanay Tolunay<\/td>\n<td>\u00dclk\u00fc\u00a0 Ongun<\/td>\n<\/tr>\n<tr>\n<td><\/td>\n<td>4<\/td>\n<td>\u0130klim de\u011fi\u015fikli\u011finin g\u00f6zlenen ve \u00f6ng\u00f6r\u00fclen sonu\u00e7lar\u0131-2 (ZCP)<\/td>\n<td>Ba\u015flag\u0131\u00e7<\/td>\n<td>Video<\/td>\n<td><\/td>\n<td><\/td>\n<\/tr>\n<tr>\n<td><\/td>\n<td>5<\/td>\n<td>\u0130klim De\u011fi\u015fikli\u011fi ile m\u00fccadele ve uyum<\/td>\n<td>Ba\u015flag\u0131\u00e7<\/td>\n<td>Video<\/td>\n<td>Se\u00e7il Uysal<\/td>\n<td>Se\u00e7il Uysal<\/td>\n<\/tr>\n<tr>\n<td><\/td>\n<td>6<\/td>\n<td>Suyun D\u00f6ng\u00fcs\u00fc ve Kurakl\u0131k<\/td>\n<td>Orta<\/td>\n<td>Dok\u00fcman<\/td>\n<td>Prof.Dr.Cant\u00fcrk G\u00fcm\u00fc\u015f<\/td>\n<td><\/td>\n<\/tr>\n<tr>\n<td><\/td>\n<td>7<\/td>\n<td>Karbon ve Karbon d\u00f6ng\u00fcs\u00fc<\/td>\n<td>Orta<\/td>\n<td>Video<\/td>\n<td>Yasemen Bilgili<\/td>\n<td>Yasemen Bilgili<\/td>\n<\/tr>\n<tr>\n<td><\/td>\n<td>8<\/td>\n<td>Karbon Ayak izi<\/td>\n<td>Orta<\/td>\n<td>Video<\/td>\n<td>Sabahattin Bilge<\/td>\n<td>Se\u00e7il Uysal<\/td>\n<\/tr>\n<tr>\n<td><\/td>\n<td>9<\/td>\n<td>Su Ayak \u0130zi<\/td>\n<td>Orta<\/td>\n<td>Video<\/td>\n<td>Prof.Dr.Cant\u00fcrk G\u00fcm\u00fc\u015f<\/td>\n<td>Yasemen Bilgili<\/td>\n<\/tr>\n<tr>\n<td><\/td>\n<td>10<\/td>\n<td>Ekolojik Ayak \u0130zi<\/td>\n<td>\u0130leri<\/td>\n<td>Dok\u00fcman<\/td>\n<td>Yasemen Bilgili<\/td>\n<td><\/td>\n<\/tr>\n<tr>\n<td><\/td>\n<td>11<\/td>\n<td>Dijital Ayak \u0130zi<\/td>\n<td>\u0130leri<\/td>\n<td>Dok\u00fcman<\/td>\n<td>Demet Yap\u0131c\u0131o\u011flu G\u00fcrcan<\/td>\n<td><\/td>\n<\/tr>\n<tr>\n<td><\/td>\n<td>12<\/td>\n<td>Uluslararas\u0131 \u0130klim De\u011fi\u015fikli\u011fi Uyum Ve Azalt\u0131m Politikalar\u0131-1<\/td>\n<td>\u0130leri<\/td>\n<td>Video<\/td>\n<td>Ayg\u00fcn Paky\u00fcrek<\/td>\n<td>Ayg\u00fcn Paky\u00fcrek<\/td>\n<\/tr>\n<tr>\n<td><\/td>\n<td>12<\/td>\n<td>Uluslararas\u0131 \u0130klim De\u011fi\u015fikli\u011fi Uyum Ve Azalt\u0131m Politikalar\u0131-2<\/td>\n<td>\u0130leri<\/td>\n<td>Video<\/td>\n<td>Ayg\u00fcn Paky\u00fcrek<\/td>\n<td>Ayg\u00fcn Paky\u00fcrek<\/td>\n<\/tr>\n<tr>\n<td><\/td>\n<td><\/td>\n<td><\/td>\n<td><\/td>\n<td><\/td>\n<td><\/td>\n<td><\/td>\n<\/tr>\n<tr>\n<td>Orman<\/td>\n<td><\/td>\n<td>B\u00f6l\u00fcm Giri\u015fi<\/td>\n<td><\/td>\n<td>K\u0131sa Bilgi<\/td>\n<td><\/td>\n<td><\/td>\n<\/tr>\n<tr>\n<td><\/td>\n<td>1<\/td>\n<td>Orman Biyo \u00e7e\u015fitlili\u011fi<\/td>\n<td>Ba\u015flag\u0131\u00e7<\/td>\n<td>Sunum<\/td>\n<td>Prof.Dr.Do\u011fanay Tolunay<\/td>\n<td><\/td>\n<\/tr>\n<tr>\n<td><\/td>\n<td>2<\/td>\n<td>Fotosentez ve A\u011fa\u00e7lararas\u0131 ileti\u015fim<\/td>\n<td>Ba\u015flag\u0131\u00e7<\/td>\n<td>Video<\/td>\n<td>Yasemen Bilgili<\/td>\n<td>Yasemen Bilgili<\/td>\n<\/tr>\n<tr>\n<td><\/td>\n<td>3<\/td>\n<td>T\u00fcrkiye&#8217;nin Orman Varl\u0131\u011f\u0131<\/td>\n<td>Ba\u015flag\u0131\u00e7<\/td>\n<td>Video<\/td>\n<td>Mustafa Samet Sevin\u00e7<\/td>\n<td>Eylem Aslan<\/td>\n<\/tr>\n<tr>\n<td><\/td>\n<td>4<\/td>\n<td>A\u011fa\u00e7 T\u00fcrleri ve Yap\u0131lar\u0131<\/td>\n<td>Ba\u015flag\u0131\u00e7<\/td>\n<td>Sunum<\/td>\n<td>Yasemen Bilgili<\/td>\n<td><\/td>\n<\/tr>\n<tr>\n<td><\/td>\n<td>4<\/td>\n<td>A\u011fa\u00e7 T\u00fcrleri ve Yap\u0131lar\u0131-\u0130ZM\u0130R<\/td>\n<td>Ba\u015flag\u0131\u00e7<\/td>\n<td>Sunum<\/td>\n<td>Yasemen Bilgili<\/td>\n<td><\/td>\n<\/tr>\n<tr>\n<td><\/td>\n<td>5<\/td>\n<td>T\u00fcrkiye Floras\u0131n\u0131n B\u00f6lgelere G\u00f6re Da\u011f\u0131l\u0131m\u0131<\/td>\n<td>Orta<\/td>\n<td>Video<\/td>\n<td>Mustafa Samet Sevin\u00e7<\/td>\n<td>Eylem Aslan<\/td>\n<\/tr>\n<tr>\n<td><\/td>\n<td>6<\/td>\n<td>Ormanlar\u0131n Ekosistem Hizmetleri<\/td>\n<td>Orta<\/td>\n<td>Video<\/td>\n<td>Prof.Dr.Do\u011fanay Tolunay<\/td>\n<td>Yasemen Bilgili<\/td>\n<\/tr>\n<tr>\n<td><\/td>\n<td>7<\/td>\n<td>Orman Yang\u0131lar\u0131n\u0131 \u00d6nleme, M\u00fccadele ve Sonras\u0131<\/td>\n<td>Orta<\/td>\n<td>Video<\/td>\n<td>Yasemen Bilgili<\/td>\n<td>Mehmet Ali Deniz<\/td>\n<\/tr>\n<tr>\n<td><\/td>\n<td>8<\/td>\n<td>Orman Zararl\u0131lar\u0131 ve M\u00fccadele Y\u00f6ntemleri<\/td>\n<td>\u0130leri<\/td>\n<td>Video<\/td>\n<td>Prof.Dr.Cant\u00fcrk G\u00fcm\u00fc\u015f<\/td>\n<td>Yasemen Bilgili<\/td>\n<\/tr>\n<tr>\n<td><\/td>\n<td>9<\/td>\n<td>Odun D\u0131\u015f\u0131 Orman \u00dcr\u00fcnleri \u00c7e\u015fitlili\u011fi<\/td>\n<td>\u0130leri<\/td>\n<td>Video<\/td>\n<td>Mustafa Samet Sevin\u00e7<\/td>\n<td>Dilara Baytekin<\/td>\n<\/tr>\n<tr>\n<td><\/td>\n<td>10<\/td>\n<td>Silvaterapi ve Permak\u00fclt\u00fcr Uygulamalar\u0131<\/td>\n<td>\u0130leri<\/td>\n<td>Video<\/td>\n<td>Katarzyna Hada\u015b<\/td>\n<td>Dilara Baytekin<\/td>\n<\/tr>\n<tr>\n<td><\/td>\n<td>11<\/td>\n<td>T\u00fcrkiye ve AB Ormanc\u0131l\u0131k Politikalar\u0131<\/td>\n<td>\u0130leri<\/td>\n<td>Dok\u00fcman<\/td>\n<td>Prof.Dr.Cant\u00fcrk G\u00fcm\u00fc\u015f<\/td>\n<td><\/td>\n<\/tr>\n<tr>\n<td><\/td>\n<td>12<\/td>\n<td>Ormanc\u0131l\u0131k Terimleri ve S\u00f6zl\u00fck<\/td>\n<td>\u0130leri<\/td>\n<td>Dok\u00fcman<\/td>\n<td>Mustafa Samet Sevin\u00e7<\/td>\n<td><\/td>\n<\/tr>\n<tr>\n<td><\/td>\n<td><\/td>\n<td><\/td>\n<td><\/td>\n<td><\/td>\n<td><\/td>\n<td><\/td>\n<\/tr>\n<tr>\n<td>D\u00f6ng\u00fcsel Ekonomi<\/td>\n<td><\/td>\n<td>B\u00f6l\u00fcm Giri\u015fi<\/td>\n<td><\/td>\n<td>K\u0131sa Bilgi<\/td>\n<td><\/td>\n<td><\/td>\n<\/tr>\n<tr>\n<td><\/td>\n<td>1<\/td>\n<td>Do\u011frusal ve D\u00f6ng\u00fcsel Ekonomi<\/td>\n<td>Ba\u015flag\u0131\u00e7<\/td>\n<td>Video<\/td>\n<td>Yasemen Bilgili<\/td>\n<td>Dilara Baytekin<\/td>\n<\/tr>\n<tr>\n<td><\/td>\n<td>2<\/td>\n<td>At\u0131k Y\u00f6netimi<\/td>\n<td>Ba\u015flag\u0131\u00e7<\/td>\n<td>Sunum<\/td>\n<td>Se\u00e7il Uysal<\/td>\n<td><\/td>\n<\/tr>\n<tr>\n<td><\/td>\n<td>3<\/td>\n<td>Kentler ve Do\u0308ngu\u0308sel Ekonomi-D\u00f6ng\u00fcsel Kentler<\/td>\n<td>Orta<\/td>\n<td>Video<\/td>\n<td>Saadet \u00c7a\u011fl\u0131n<\/td>\n<td>Saadet \u00c7a\u011fl\u0131n<\/td>\n<\/tr>\n<tr>\n<td><\/td>\n<td>4<\/td>\n<td>\u0130yi Uygulama \u00d6rnekleri (E-At\u0131k \/ At\u0131k Ya\u011f Proje)<\/td>\n<td>Orta<\/td>\n<td>Sunum<\/td>\n<td>Demet Yap\u0131c\u0131o\u011flu G\u00fcrcan<\/td>\n<td><\/td>\n<\/tr>\n<tr>\n<td><\/td>\n<td>5<\/td>\n<td>End\u00fcstriyel simbiyoz<\/td>\n<td>\u0130leri<\/td>\n<td>Sunum<\/td>\n<td>Kemal Demirkol<\/td>\n<td><\/td>\n<\/tr>\n<tr>\n<td><\/td>\n<td>5<\/td>\n<td>End\u00fcstriyel simbiyoz\u00a0 ve Eko End\u00fcstriyel Parklar<\/td>\n<td>\u0130leri<\/td>\n<td>Sunum<\/td>\n<td>Kemal Demirkol<\/td>\n<td><\/td>\n<\/tr>\n<tr>\n<td><\/td>\n<td><\/td>\n<td><\/td>\n<td><\/td>\n<td><\/td>\n<td><\/td>\n<td><\/td>\n<\/tr>\n<tr>\n<td>Yenilenebilir Enerji<\/td>\n<td><\/td>\n<td>B\u00f6l\u00fcm Giri\u015fi<\/td>\n<td><\/td>\n<td>K\u0131sa Bilgi<\/td>\n<td><\/td>\n<td><\/td>\n<\/tr>\n<tr>\n<td><\/td>\n<td>1<\/td>\n<td>Yenilebilir Enerjilerin Ana Kayna\u011f\u0131 :G\u00fcne\u015f<\/td>\n<td>Ba\u015flag\u0131\u00e7<\/td>\n<td>Video<\/td>\n<td>Do\u00e7.Dr.Mete \u00c7ubuk\u00e7u<\/td>\n<td>Do\u00e7.Dr.Mete \u00c7ubuk\u00e7u<\/td>\n<\/tr>\n<tr>\n<td><\/td>\n<td>2<\/td>\n<td>Fotovoltaik Teknolojisi<\/td>\n<td>Ba\u015flag\u0131\u00e7<\/td>\n<td>Video<\/td>\n<td>Alper Ekici<\/td>\n<td>Kadriye Avc\u00fc<\/td>\n<\/tr>\n<tr>\n<td><\/td>\n<td>3<\/td>\n<td>G\u00fcne\u015f Is\u0131l Sistemler<\/td>\n<td>Ba\u015flag\u0131\u00e7<\/td>\n<td>Video<\/td>\n<td>Birce Bakan<\/td>\n<td>Birce Bakan<\/td>\n<\/tr>\n<tr>\n<td><\/td>\n<td>4<\/td>\n<td>R\u00fczgar Enerjisi<\/td>\n<td>Ba\u015flag\u0131\u00e7<\/td>\n<td>Dok\u00fcman<\/td>\n<td>Taylan Kaba\u015f<\/td>\n<td><\/td>\n<\/tr>\n<tr>\n<td><\/td>\n<td>5<\/td>\n<td>Biyok\u00fctle Enerjisi<\/td>\n<td>Ba\u015flag\u0131\u00e7<\/td>\n<td>Video<\/td>\n<td>Dr.Hasan Sarpta\u015f<\/td>\n<td>Dr.Hasan Sarpta\u015f<\/td>\n<\/tr>\n<tr>\n<td><\/td>\n<td>6<\/td>\n<td>Jeotermal Enerji<\/td>\n<td>Ba\u015flag\u0131\u00e7<\/td>\n<td>Video<\/td>\n<td>Harun G\u00fcm\u00fc\u015f<\/td>\n<td>G\u00fcrhan Dedek\u00f6y<\/td>\n<\/tr>\n<tr>\n<td><\/td>\n<td>7<\/td>\n<td>Hidroelektrik Enerji<\/td>\n<td>Ba\u015flag\u0131\u00e7<\/td>\n<td>Video<\/td>\n<td>Harun G\u00fcm\u00fc\u015f<\/td>\n<td>Mert Mantar<\/td>\n<\/tr>\n<tr>\n<td><\/td>\n<td>8<\/td>\n<td>Hidrojen Enerjisi ve Yak\u0131t Pilleri<\/td>\n<td>Orta<\/td>\n<td>Video<\/td>\n<td>Ezgi Uygun<\/td>\n<td>Ezgi Uygun<\/td>\n<\/tr>\n<tr>\n<td><\/td>\n<td>9<\/td>\n<td>Elektrikli Ara\u00e7lar<\/td>\n<td>Orta<\/td>\n<td>Video<\/td>\n<td>\u0130lker Turp<\/td>\n<td>\u0130lker Turp<\/td>\n<\/tr>\n<tr>\n<td><\/td>\n<td>10<\/td>\n<td>Ye\u015fil \u0130\u015fler<\/td>\n<td>Orta<\/td>\n<td>Video<\/td>\n<td>Metin \u015eavural<\/td>\n<td>Metin \u015eavural<\/td>\n<\/tr>\n<tr>\n<td><\/td>\n<td>11<\/td>\n<td>Fotovoltaik Sistemlerin Teknik ve Ekonomik Fizibilitesi<\/td>\n<td>\u0130leri<\/td>\n<td>Video<\/td>\n<td>Kadriye Avc\u00fc<\/td>\n<td>Kadriye Avc\u00fc<\/td>\n<\/tr>\n<tr>\n<td><\/td>\n<td>12<\/td>\n<td>Fotovoltaik Sistemlerde Kurulum, \u0130\u015fletme ve Bak\u0131m \u2013 Onar\u0131m<\/td>\n<td>\u0130leri<\/td>\n<td>Video<\/td>\n<td>Do\u00e7. Dr.Mete \u00c7ubuk\u00e7u<\/td>\n<td>Do\u00e7. Dr.Mete \u00c7ubuk\u00e7u<\/td>\n<\/tr>\n<tr>\n<td><\/td>\n<td>13<\/td>\n<td>R\u00fczgar Enerjisi Sistemleri Kurulum Tekno-Ekonomik Fizibilite<\/td>\n<td>\u0130leri<\/td>\n<td>Video<\/td>\n<td>Y\u00fccel \u00c7i\u00e7ek<\/td>\n<td>Y\u00fccel \u00c7i\u00e7ek<\/td>\n<\/tr>\n<tr>\n<td><\/td>\n<td>14<\/td>\n<td>Okyanus Enerjisi<\/td>\n<td>\u0130leri<\/td>\n<td>Video<\/td>\n<td>Serkan Horzum<\/td>\n<td>Serkan Horzum<\/td>\n<\/tr>\n<tr>\n<td><\/td>\n<td>15<\/td>\n<td>Yenilenebilir Enerji ve Dijitalle\u015fme<\/td>\n<td>\u0130leri<\/td>\n<td>Video<\/td>\n<td>M\u00fccahid Candan<\/td>\n<td>M\u00fccahid Candan<\/td>\n<\/tr>\n<tr>\n<td><\/td>\n<td>16<\/td>\n<td>Kentler i\u00e7in S\u00fcrd\u00fcr\u00fclebilir Enerji Eylem ve \u0130klim Uyum Plan\u0131n\u0131n \u00d6nemi<\/td>\n<td>\u0130leri<\/td>\n<td>Video<\/td>\n<td>Mert Biter<\/td>\n<td>Mert Biter<\/td>\n<\/tr>\n<tr>\n<td><\/td>\n<td><\/td>\n<td><\/td>\n<td><\/td>\n<td><\/td>\n<td><\/td>\n<td><\/td>\n<\/tr>\n<tr>\n<td>Enerji Verimlili\u011fi<\/td>\n<td><\/td>\n<td>B\u00f6l\u00fcm Giri\u015fi<\/td>\n<td><\/td>\n<td>K\u0131sa Bilgi<\/td>\n<td><\/td>\n<td><\/td>\n<\/tr>\n<tr>\n<td><\/td>\n<td>1<\/td>\n<td>Enerji Depolama Sistemleri<\/td>\n<td>Ba\u015flag\u0131\u00e7<\/td>\n<td>Video<\/td>\n<td>An\u0131l Akanal\u00e7\u0131<\/td>\n<td>An\u0131l Akanal\u00e7\u0131<\/td>\n<\/tr>\n<tr>\n<td><\/td>\n<td>2<\/td>\n<td>Binalarda Enerji Verimlili\u011fi<\/td>\n<td>Ba\u015flag\u0131\u00e7<\/td>\n<td>Video<\/td>\n<td>G\u00fcl\u00e7in Orak\u00e7\u0131<\/td>\n<td>G\u00fcl\u00e7in Orak\u00e7\u0131<\/td>\n<\/tr>\n<tr>\n<td><\/td>\n<td>3<\/td>\n<td>G\u00fcne\u015f Enerjisi Destekli So\u011futma-Is\u0131tma-Havaland\u0131rma \u00c7\u00f6z\u00fcmleri<\/td>\n<td>Orta<\/td>\n<td>Video<\/td>\n<td>Tunahan Ak\u0131\u015f<\/td>\n<td>Tunahan Ak\u0131\u015f<\/td>\n<\/tr>\n<tr>\n<td><\/td>\n<td>4<\/td>\n<td>Sanayide Enerji Verimlili\u011fi<\/td>\n<td>\u0130leri<\/td>\n<td>Video<\/td>\n<td>Dr.Neslihan \u00c7olak G\u00fcne\u015f<\/td>\n<td>Dr.Neslihan \u00c7olak G\u00fcne\u015f<\/td>\n<\/tr>\n<\/tbody>\n<\/table>\n<p>[\/vc_column_text][\/vc_column][\/vc_row]<\/p>\n","protected":false},"excerpt":{"rendered":"<p>[vc_row][vc_column][vc_column_text] YE\u015e\u0130L AKADEM\u0130 PLATFORMU \u0130\u00c7ER\u0130K TABLOSU ANA BA\u015eLIK SIRA KONULAR SEV\u0130YE \u0130\u00c7ER\u0130K Haz\u0131rlayan Sunan B\u00f6l\u00fcm Giri\u015fi K\u0131sa Bilgi 1 \u0130klim ve \u0130klim De\u011fi\u015fikli\u011fi Ba\u015flag\u0131\u00e7 Video Yasemen Bilgili G\u00f6kmen Ulu 2 Atmosferdeki Sera Gazlar\u0131 ve Etkisi Ba\u015flag\u0131\u00e7 Video Se\u00e7il Uysal Demet Yap\u0131c\u0131o\u011flu G\u00fcrcan 3 Sera Gazlar\u0131 Art\u0131\u015f\u0131n\u0131n Tarihsel Geli\u015fimi Ba\u015flag\u0131\u00e7 Dok\u00fcman Se\u00e7il Uysal 4 \u0130klim de\u011fi\u015fikli\u011finin [&hellip;]<\/p>\n","protected":false},"author":1,"featured_media":0,"parent":0,"menu_order":0,"comment_status":"closed","ping_status":"closed","template":"","meta":{"footnotes":""},"class_list":["post-6870","page","type-page","status-publish","hentry"],"_links":{"self":[{"href":"https:\/\/yesilakademi.org\/tr\/wp-json\/wp\/v2\/pages\/6870","targetHints":{"allow":["GET"]}}],"collection":[{"href":"https:\/\/yesilakademi.org\/tr\/wp-json\/wp\/v2\/pages"}],"about":[{"href":"https:\/\/yesilakademi.org\/tr\/wp-json\/wp\/v2\/types\/page"}],"author":[{"embeddable":true,"href":"https:\/\/yesilakademi.org\/tr\/wp-json\/wp\/v2\/users\/1"}],"replies":[{"embeddable":true,"href":"https:\/\/yesilakademi.org\/tr\/wp-json\/wp\/v2\/comments?post=6870"}],"version-history":[{"count":2,"href":"https:\/\/yesilakademi.org\/tr\/wp-json\/wp\/v2\/pages\/6870\/revisions"}],"predecessor-version":[{"id":6877,"href":"https:\/\/yesilakademi.org\/tr\/wp-json\/wp\/v2\/pages\/6870\/revisions\/6877"}],"wp:attachment":[{"href":"https:\/\/yesilakademi.org\/tr\/wp-json\/wp\/v2\/media?parent=6870"}],"curies":[{"name":"wp","href":"https:\/\/api.w.org\/{rel}","templated":true}]}}