{"id":6169,"date":"2022-06-01T14:04:05","date_gmt":"2022-06-01T11:04:05","guid":{"rendered":"https:\/\/yesilakademi.org\/?page_id=6169"},"modified":"2022-06-01T14:33:39","modified_gmt":"2022-06-01T11:33:39","slug":"kvkacikbeyan","status":"publish","type":"page","link":"https:\/\/yesilakademi.org\/tr\/kvkacikbeyan\/","title":{"rendered":"\u00dcye A\u00e7\u0131k R\u0131za"},"content":{"rendered":"<p>[vc_row][vc_column][vc_column_text]<strong>K\u0130\u015e\u0130SEL VER\u0130LER\u0130N KORUNMASI A\u00c7IK RIZA METN\u0130 VE MAL\u0130 HAKLARDAN FERAGAT BEYANI<\/strong><\/p>\n<p><strong>(<\/strong><strong>YE\u015e\u0130L AKADEM\u0130-\u00dcYE<\/strong><strong>)<\/strong><\/p>\n<p><strong>\u00a0<\/strong><\/p>\n<p>Taraf\u0131ma bildirilmi\u015f <strong>\u201cKi\u015fisel Verilerin Korunmas\u0131 Ayd\u0131nlatma Metni\u201d<\/strong> ile <strong>Ye\u015fil Akademi Projesi<\/strong>\u00a0 kapsam\u0131nda veri sorumlusu s\u0131fat\u0131na sahip; <strong>Ege Orman Vakf\u0131 (\u201cVak\u0131f\u201d)<\/strong> taraf\u0131ndan; e\u011fitim faaliyetlerinin y\u00fcr\u00fct\u00fclmesi, ileti\u015fim faaliyetlerinin y\u00fcr\u00fct\u00fclmesi, sosyal sorumluluk ve sivil toplum aktivitelerinin y\u00fcr\u00fct\u00fclmesi, yetenek \/ kariyer geli\u015fimi faaliyetlerinin y\u00fcr\u00fct\u00fclmesi, bilgi g\u00fcvenli\u011fi s\u00fcre\u00e7lerinin y\u00fcr\u00fct\u00fclmesi, veri sorumlusu operasyonlar\u0131n\u0131n g\u00fcvenli\u011finin temini ama\u00e7lar\u0131yla <strong>Ayd\u0131nlatma Metninde<\/strong> say\u0131lm\u0131\u015f olan kimlik, ileti\u015fim, mesleki deneyim, i\u015flem g\u00fcvenli\u011fi kategorilerindeki ki\u015fisel verilerimin, ba\u015fta mevzuatta \u00f6ng\u00f6r\u00fclen, i\u015flendikleri ama\u00e7 i\u00e7in gerekli olan s\u00fcre kadar muhafaza edilme ilkesi olmak \u00fczere 6698 Say\u0131l\u0131 Ki\u015fisel Verilerin Korunmas\u0131 Kanunu\u2019nun (\u201cKVK Kanunu\u201d) 4. maddesinde ifade edilen genel ilkelere uygun olarak i\u015flenece\u011fi, kimlere, hangi ama\u00e7larla aktar\u0131laca\u011f\u0131, ki\u015fisel verilerimin toplanma y\u00f6ntemleri ve dayanak hukuki sebebin ne oldu\u011fu ile KVK Kanunu\u2019nun 11. maddesinde say\u0131lm\u0131\u015f olan haklar\u0131m konusunda bilgilendim.<\/p>\n<p>&nbsp;<\/p>\n<p>Proje kapsam\u0131nda kullan\u0131lan Bulut Servis Sa\u011flay\u0131c\u0131lar\u0131n datacenter\/serverlar\u0131n\u0131n yurt d\u0131\u015f\u0131nda bulunmas\u0131 sebebiyle kimlik, ileti\u015fim, mesleki deneyim, i\u015flem g\u00fcvenli\u011fi kategorilerindeki ki\u015fisel verilerimin yurt d\u0131\u015f\u0131na aktar\u0131laca\u011f\u0131na y\u00f6nelik bilgilendirildi\u011fimi, bu bilgilendirme kapsam\u0131nda i\u015fbu <strong>A\u00e7\u0131k R\u0131za Metnini <\/strong>onaylamak suretiyle <strong>Ayd\u0131nlatma Metninde <\/strong>ve yukar\u0131da say\u0131lan kategorilerindeki ki\u015fisel verilerimin i\u015flenmesine ve aktar\u0131lmas\u0131na a\u00e7\u0131k r\u0131zam bulundu\u011funu kabul ve beyan ediyorum.<\/p>\n<p>[\/vc_column_text][\/vc_column][\/vc_row]<\/p>\n","protected":false},"excerpt":{"rendered":"<p>[vc_row][vc_column][vc_column_text]K\u0130\u015e\u0130SEL VER\u0130LER\u0130N KORUNMASI A\u00c7IK RIZA METN\u0130 VE MAL\u0130 HAKLARDAN FERAGAT BEYANI (YE\u015e\u0130L AKADEM\u0130-\u00dcYE) \u00a0 Taraf\u0131ma bildirilmi\u015f \u201cKi\u015fisel Verilerin Korunmas\u0131 Ayd\u0131nlatma Metni\u201d ile Ye\u015fil Akademi Projesi\u00a0 kapsam\u0131nda veri sorumlusu s\u0131fat\u0131na sahip; Ege Orman Vakf\u0131 (\u201cVak\u0131f\u201d) taraf\u0131ndan; e\u011fitim faaliyetlerinin y\u00fcr\u00fct\u00fclmesi, ileti\u015fim faaliyetlerinin y\u00fcr\u00fct\u00fclmesi, sosyal sorumluluk ve sivil toplum aktivitelerinin y\u00fcr\u00fct\u00fclmesi, yetenek \/ kariyer geli\u015fimi faaliyetlerinin y\u00fcr\u00fct\u00fclmesi, bilgi [&hellip;]<\/p>\n","protected":false},"author":1,"featured_media":0,"parent":0,"menu_order":0,"comment_status":"closed","ping_status":"closed","template":"","meta":{"footnotes":""},"class_list":["post-6169","page","type-page","status-publish","hentry"],"_links":{"self":[{"href":"https:\/\/yesilakademi.org\/tr\/wp-json\/wp\/v2\/pages\/6169","targetHints":{"allow":["GET"]}}],"collection":[{"href":"https:\/\/yesilakademi.org\/tr\/wp-json\/wp\/v2\/pages"}],"about":[{"href":"https:\/\/yesilakademi.org\/tr\/wp-json\/wp\/v2\/types\/page"}],"author":[{"embeddable":true,"href":"https:\/\/yesilakademi.org\/tr\/wp-json\/wp\/v2\/users\/1"}],"replies":[{"embeddable":true,"href":"https:\/\/yesilakademi.org\/tr\/wp-json\/wp\/v2\/comments?post=6169"}],"version-history":[{"count":3,"href":"https:\/\/yesilakademi.org\/tr\/wp-json\/wp\/v2\/pages\/6169\/revisions"}],"predecessor-version":[{"id":6173,"href":"https:\/\/yesilakademi.org\/tr\/wp-json\/wp\/v2\/pages\/6169\/revisions\/6173"}],"wp:attachment":[{"href":"https:\/\/yesilakademi.org\/tr\/wp-json\/wp\/v2\/media?parent=6169"}],"curies":[{"name":"wp","href":"https:\/\/api.w.org\/{rel}","templated":true}]}}