{"id":6157,"date":"2022-06-01T14:01:01","date_gmt":"2022-06-01T11:01:01","guid":{"rendered":"https:\/\/yesilakademi.org\/?page_id=6157"},"modified":"2022-06-01T14:33:13","modified_gmt":"2022-06-01T11:33:13","slug":"kvkk","status":"publish","type":"page","link":"https:\/\/yesilakademi.org\/tr\/kvkk\/","title":{"rendered":"\u00dcye Ayd\u0131nlatma Metni"},"content":{"rendered":"<p>[vc_row][vc_column][vc_column_text]<strong>K\u0130\u015e\u0130SEL VER\u0130LER\u0130N KORUNMASI AYDINLATMA METN\u0130<\/strong><\/p>\n<p><strong>(<\/strong><strong>YE\u015e\u0130L AKADEM\u0130-\u00dcYE<\/strong><strong>)<\/strong><\/p>\n<p><strong>\u00a0<\/strong><\/p>\n<p>6698 say\u0131l\u0131 Ki\u015fisel Verilerin Korunmas\u0131 Kanunu, bu kapsamda yay\u0131mlanan y\u00f6netmelik, tebli\u011f, genelge ile Ki\u015fisel Verileri Koruma Kurulu (\u201cKurul\u201d) karar, duyurular\u0131 vb ikincil d\u00fczenleme ve uygulamalara (<strong>\u201cKVKK\u201d)<\/strong> uygun olarak \u201cVeri Sorumlusu\u201d s\u0131fat\u0131yla, Vak\u0131flar Genel M\u00fcd\u00fcrl\u00fc\u011f\u00fc\u2019ne kay\u0131tl\u0131, Kordon Vergi Dairesi\u2019nde 3250078874 vergi kimlik numaral\u0131 ve Ege Mahallesi \u0130\u015f\u00e7iler Cad. No:105\/31 K:3 35220 Konak\/\u0130zmir adresinde mukim <strong>Ege Orman <\/strong><strong>Vakf\u0131 <\/strong>(<strong>\u201cVak\u0131f\/Vakf\u0131m\u0131z\u201d<\/strong>) olarak ki\u015fisel verilerinizin g\u00fcvenli\u011fi amac\u0131yla gerekli azami hassasiyeti g\u00f6stermekteyiz. Buna g\u00f6re; ki\u015fisel verilerinizi a\u015fa\u011f\u0131da izah edildi\u011fi \u015fekilde ve KVKK taraf\u0131ndan emredilen s\u0131n\u0131rlar \u00e7er\u00e7evesinde i\u015flemekteyiz.<\/p>\n<ol>\n<li><strong>Ki\u015fisel Verilerin Toplanma Y\u00f6ntemi, Hukuki Sebebi ve \u0130\u015fleme Ama\u00e7lar\u0131<\/strong><\/li>\n<\/ol>\n<p>Ki\u015fisel verileriniz, do\u011frudan elektronik olarak taraf\u0131n\u0131zdan iletilen bilgilerden, tamamen veya k\u0131smen otomatik olan ya da herhangi bir veri kay\u0131t sisteminin par\u00e7as\u0131 olmak kayd\u0131yla otomatik olmayan yollarla i\u015flenmektedir.<\/p>\n<p>&nbsp;<\/p>\n<p>Bu kapsamda a\u015fa\u011f\u0131da yaz\u0131l\u0131 ki\u015fisel verileriniz; izleyen i\u015fleme ama\u00e7lar\u0131yla ba\u011flant\u0131l\u0131, s\u0131n\u0131rl\u0131 ve \u00f6l\u00e7\u00fcl\u00fc olarak, KVKK m.4\u2019yer yer alan genel temel ilkelere uygun \u015fekilde ve hukuki sebep e\u015fle\u015ftirmesi ile i\u015flenmektedir:<\/p>\n<p>&nbsp;<\/p>\n<table width=\"615\">\n<tbody>\n<tr>\n<td width=\"117\"><strong>Faaliyet<\/strong><\/td>\n<td width=\"125\"><strong>\u0130\u015flenen Ki\u015fisel Veri Kategorileri\/Tipleri<\/strong><\/td>\n<td width=\"212\"><strong>\u0130\u015fleme Amac\u0131<\/strong><\/td>\n<td width=\"161\"><strong>Hukuki Sebebi<\/strong><\/td>\n<\/tr>\n<tr>\n<td rowspan=\"3\" width=\"117\"><strong>\u00dcyelik \u0130\u015flemlerinin Ger\u00e7ekle\u015ftirilmesi<\/strong><\/td>\n<td width=\"125\"><strong>Kimlik<\/strong><\/p>\n<p>(Ad, Soyad)<\/td>\n<td rowspan=\"2\" width=\"212\">\u00d8\u00a0 E\u011fitim Faaliyetlerinin Y\u00fcr\u00fct\u00fclmesi,<\/p>\n<p>\u00d8\u00a0 \u0130leti\u015fim Faaliyetlerinin Y\u00fcr\u00fct\u00fclmesi,<\/p>\n<p>\u00d8\u00a0 Sosyal Sorumluluk ve Sivil Toplum Aktivitelerinin Y\u00fcr\u00fct\u00fclmesi,<\/p>\n<p>\u00d8\u00a0 Yetenek \/ Kariyer Geli\u015fimi Faaliyetlerinin Y\u00fcr\u00fct\u00fclmesi<\/td>\n<td rowspan=\"3\" width=\"161\">&nbsp;<\/p>\n<p>KVKK m.5\/2\/f bendi uyar\u0131nca \u0130lgili ki\u015finin temel hak ve \u00f6zg\u00fcrl\u00fcklerine zarar vermemek kayd\u0131yla, veri sorumlusunun me\u015fru menfaatleri i\u00e7in veri i\u015flenmesinin zorunlu olmas\u0131.<\/td>\n<\/tr>\n<tr>\n<td width=\"125\"><strong>\u0130leti\u015fim<\/strong><\/p>\n<p>(E-Posta Adresi)<\/td>\n<\/tr>\n<tr>\n<td width=\"125\"><strong>\u0130\u015flem G\u00fcvenli\u011fi<\/strong><\/p>\n<p>(IP Bilgisi)<\/td>\n<td width=\"212\">\u00d8\u00a0 Bilgi G\u00fcvenli\u011fi S\u00fcre\u00e7lerinin Y\u00fcr\u00fct\u00fclmesi,<\/p>\n<p>\u00d8\u00a0 \u0130leti\u015fim Faaliyetlerinin Y\u00fcr\u00fct\u00fclmesi,<\/p>\n<p>\u00d8\u00a0 Veri Sorumlusu Operasyonlar\u0131n\u0131n G\u00fcvenli\u011finin Temini<\/td>\n<\/tr>\n<tr>\n<td colspan=\"4\" width=\"615\"><\/td>\n<\/tr>\n<tr>\n<td rowspan=\"3\" width=\"117\"><strong>Rozetlerin Olu\u015fturulmas\u0131<\/strong><\/td>\n<td width=\"125\"><strong>Kimlik<\/strong><\/p>\n<p>(Ad, Soyad)<\/td>\n<td rowspan=\"3\" width=\"212\">\u00d8\u00a0 E\u011fitim Faaliyetlerinin Y\u00fcr\u00fct\u00fclmesi,<\/p>\n<p>\u00d8\u00a0 \u0130leti\u015fim Faaliyetlerinin Y\u00fcr\u00fct\u00fclmesi,<\/p>\n<p>\u00d8\u00a0 Sosyal Sorumluluk ve Sivil Toplum Aktivitelerinin Y\u00fcr\u00fct\u00fclmesi,<\/p>\n<p>\u00d8\u00a0 Yetenek \/ Kariyer Geli\u015fimi Faaliyetlerinin Y\u00fcr\u00fct\u00fclmesi<\/p>\n<p>&nbsp;<\/td>\n<td rowspan=\"3\" width=\"161\">&nbsp;<\/p>\n<p>KVKK m.5\/2\/f bendi uyar\u0131nca \u0130lgili ki\u015finin temel hak ve \u00f6zg\u00fcrl\u00fcklerine zarar vermemek kayd\u0131yla, veri sorumlusunun me\u015fru menfaatleri i\u00e7in veri i\u015flenmesinin zorunlu olmas\u0131.<\/td>\n<\/tr>\n<tr>\n<td width=\"125\"><strong>\u0130leti\u015fim<\/strong><\/p>\n<p>(E-Posta Adresi)<\/td>\n<\/tr>\n<tr>\n<td width=\"125\"><strong>Mesleki Deneyim<\/strong><\/p>\n<p>(Ba\u015far\u0131l\u0131 Olunan E\u011fitim Bilgisi)<\/td>\n<\/tr>\n<\/tbody>\n<\/table>\n<p>&nbsp;<\/p>\n<ol start=\"2\">\n<li><strong>Ki\u015fisel Verilerin Aktar\u0131lmas\u0131 ve Aktar\u0131m Ama\u00e7lar\u0131<\/strong><\/li>\n<\/ol>\n<p>Yukar\u0131da say\u0131lan ki\u015fisel verileriniz; ba\u015fta her bir veri kategorisi ile ili\u015fkilendirilmi\u015f ama\u00e7lar\u0131n yerine getirilebilmesi i\u00e7in, Vakf\u0131n y\u00fcr\u00fctmekte oldu\u011fu \u201cYe\u015fil Akademi\u201d projesi sebebiyle resmi kurum ve kurulu\u015flara, teknik destek hizmeti sunan tedarik\u00e7imize ve veri i\u015fleyen s\u0131fat\u0131yla yetkilendirilmi\u015f hizmet sa\u011flay\u0131c\u0131 i\u015f ortaklar\u0131na aktar\u0131lmaktad\u0131r. Ancak gerekti\u011finde yetki verilmi\u015f olan vekil ve temsilcilere, d\u00fczenleyici, denetleyici kurumlar ile mahkeme ve icra m\u00fcd\u00fcrl\u00fckleri gibi sair resmi kurulu\u015flara, ki\u015fisel verilerinizi talep etmeye yetkili olan di\u011fer kamu kurum ve kurulu\u015flar\u0131na da aktar\u0131labilecektir.<\/p>\n<p>&nbsp;<\/p>\n<p>Di\u011fer taraftan; veri g\u00fcvenli\u011fine y\u00f6nelik al\u0131nmas\u0131 gerekli her t\u00fcrl\u00fc teknik ve idari tedbir tatbik edilmek suretiyle yine yukar\u0131da yaz\u0131l\u0131 ama\u00e7lar\u0131n ger\u00e7ekle\u015ftirilebilmesi i\u00e7in Kimlik, \u0130leti\u015fim, \u0130\u015flem G\u00fcvenli\u011fi ve Mesleki Deneyim kategorilerindeki ki\u015fisel verileriniz, Ye\u015fil Akademi Projesine ait internet sitesinin bulut hizmet sa\u011flay\u0131c\u0131 platformunun bulundu\u011fu yabanc\u0131 \u00fclkelere aktar\u0131lmas\u0131 sebepleriyle ilgili ki\u015finin a\u00e7\u0131k r\u0131zas\u0131n\u0131n bulunmas\u0131 hukuki sebebine dayanarak i\u015flenecek ve bu hususta verilmi\u015f olan a\u00e7\u0131k r\u0131za talep halinde her zaman geri alabilecektir.<\/p>\n<p>&nbsp;<\/p>\n<ol start=\"3\">\n<li><strong>\u0130lgili Ki\u015fi Haklar\u0131<\/strong><\/li>\n<\/ol>\n<p>Diledi\u011finiz zaman Vakf\u0131m\u0131za ba\u015fvurarak;<\/p>\n<ul>\n<li>Ki\u015fisel verilerinizin i\u015flenip i\u015flenmedi\u011fini \u00f6\u011frenme,<\/li>\n<li>Ki\u015fisel verileriniz i\u015flenmi\u015fse buna ili\u015fkin bilgi talep etme,<\/li>\n<li>Ki\u015fisel verilerinizin i\u015flenme amac\u0131n\u0131 ve amaca uygun kullan\u0131l\u0131p kullan\u0131lmad\u0131\u011f\u0131n\u0131 \u00f6\u011frenme,<\/li>\n<li>Yurt i\u00e7inde veya yurt d\u0131\u015f\u0131nda ki\u015fisel verilerinizin aktar\u0131ld\u0131\u011f\u0131 \u00fc\u00e7\u00fcnc\u00fc ki\u015fileri bilme,<\/li>\n<li>Ki\u015fisel verilerinizin eksik veya yanl\u0131\u015f i\u015flenmi\u015f olmas\u0131 h\u00e2linde bunlar\u0131n d\u00fczeltilmesini isteme,<\/li>\n<li>Kanun\u2019un 7. maddesinde \u00f6ng\u00f6r\u00fclen \u015fartlar \u00e7er\u00e7evesinde ki\u015fisel verilerin silinmesini veya yok edilmesini isteme,<\/li>\n<li>Kanun\u2019un 11. maddesinin (d) ve (e) bentleri uyar\u0131nca yap\u0131lan i\u015flemlerin, ki\u015fisel verilerinizin aktar\u0131ld\u0131\u011f\u0131 \u00fc\u00e7\u00fcnc\u00fc ki\u015filere bildirilmesini isteme,<\/li>\n<li>\u0130\u015flenen verilerinizin m\u00fcnhas\u0131ran otomatik sistemler vas\u0131tas\u0131yla analiz edilmesi suretiyle kendiniz aleyhine bir sonucun ortaya \u00e7\u0131kmas\u0131na itiraz etme,<\/li>\n<li>Ki\u015fisel verilerinizin kanuna ayk\u0131r\u0131 olarak i\u015flenmesi sebebiyle zarara u\u011framan\u0131z h\u00e2linde zarar\u0131n giderilmesini talep etme, haklar\u0131n\u0131z\u0131 kullanmay\u0131 talep edebilirsiniz.<\/li>\n<\/ul>\n<p>&nbsp;<\/p>\n<p>Haklar\u0131n\u0131z\u0131 kullanmay\u0131 talep edebilirsiniz. Haklar\u0131n\u0131za ve KVKK uygulanmas\u0131na ili\u015fkin taleplerinizi, ilgili d\u00fczenlemeler gere\u011fi a\u015fa\u011f\u0131da belirtilen zorunlu bilgileri de i\u00e7erecek \u015fekilde taraf\u0131m\u0131zdan veya Vakf\u0131m\u0131z\u0131n internet sitesinden temin edebilece\u011finiz Ba\u015fvuru Formu\u2019nu doldurarak, noter kanal\u0131yla veya Vak\u0131f\u2019\u0131n veri kay\u0131t sisteminde halihaz\u0131rda kay\u0131tl\u0131 olan e-posta adresinizi kullanarak veya g\u00fcvenli elektronik imzan\u0131zla Vakf\u0131m\u0131z\u0131n info@egeorman.org.tr e-posta adresine iletebilirsiniz. Vakf\u0131m\u0131z bu kapsamdaki taleplere yaz\u0131l\u0131 olarak cevap verilecekse, on sayfaya kadar \u00fccret almadan; on sayfan\u0131n \u00fczerindeki her sayfa i\u00e7in 1 T\u00fcrk Liras\u0131 i\u015flem \u00fccreti alarak yan\u0131tland\u0131racakt\u0131r. Ba\u015fvuruya cevab\u0131n CD, flash bellek gibi bir kay\u0131t ortam\u0131nda verilmesi halinde Vak\u0131f taraf\u0131ndan talep edilebilecek \u00fccret kay\u0131t ortam\u0131n\u0131n maliyetini ge\u00e7emeyecektir.<\/p>\n<p>&nbsp;<\/p>\n<p>Ki\u015fisel veri sahibi olarak sahip oldu\u011funuz ve yukar\u0131da belirtilen haklar\u0131n\u0131z\u0131 kullanmak i\u00e7in yapaca\u011f\u0131n\u0131z ve kullanmay\u0131 talep etti\u011finiz hakka ili\u015fkin a\u00e7\u0131klamalar\u0131n\u0131z\u0131 i\u00e7eren ba\u015fvuruda; talep etti\u011finiz hususun a\u00e7\u0131k ve anla\u015f\u0131l\u0131r olmas\u0131, talep etti\u011finiz konunun \u015fahs\u0131n\u0131z ile ilgili olmas\u0131 veya ba\u015fkas\u0131 ad\u0131na hareket ediyor iseniz bu konuda noter taraf\u0131ndan tasdiklenmi\u015f \u00f6zel vek\u00e2letnamenizi ibraz etmeniz gerekecektir. Ba\u015fvurular\u0131n\u0131zda, ad-soyad\u0131, imza, T.C. kimlik numaras\u0131, ikamet veya i\u015fyeri adresi, e-posta adresi, telefon ve faks numaras\u0131, talep konusu unsurlar\u0131n\u0131n bulunmas\u0131 \u201cVeri Sorumlusuna Ba\u015fvuru Usul ve Esaslar\u0131 Hakk\u0131nda Tebli\u011f\u201d uyar\u0131nca zorunludur. S\u00f6z konusu unsurlar\u0131 bar\u0131nd\u0131rmayan ba\u015fvurular Vakf\u0131m\u0131z taraf\u0131ndan reddedilecek veya i\u015fleme almayacakt\u0131r.<\/p>\n<p>&nbsp;<\/p>\n<p><em>Vak\u0131f\u2019\u0131n i\u015fbu ayd\u0131nlatma metninde KVKK\u2019dan, ikincil d\u00fczenlemelerden ve Kurul kararlar\u0131ndan do\u011fan sebeplerle de\u011fi\u015fiklik yapma hakk\u0131 her zaman sakl\u0131d\u0131r. Ayd\u0131nlatma metninde yap\u0131lacak de\u011fi\u015fiklikler ve g\u00fcncel metin taraf\u0131n\u0131za tebli\u011f edildi\u011fi tarih itibariyle derhal ge\u00e7erlilik kazanacakt\u0131r. <\/em><\/p>\n<p>[\/vc_column_text][\/vc_column][\/vc_row]<\/p>\n","protected":false},"excerpt":{"rendered":"<p>[vc_row][vc_column][vc_column_text]K\u0130\u015e\u0130SEL VER\u0130LER\u0130N KORUNMASI AYDINLATMA METN\u0130 (YE\u015e\u0130L AKADEM\u0130-\u00dcYE) \u00a0 6698 say\u0131l\u0131 Ki\u015fisel Verilerin Korunmas\u0131 Kanunu, bu kapsamda yay\u0131mlanan y\u00f6netmelik, tebli\u011f, genelge ile Ki\u015fisel Verileri Koruma Kurulu (\u201cKurul\u201d) karar, duyurular\u0131 vb ikincil d\u00fczenleme ve uygulamalara (\u201cKVKK\u201d) uygun olarak \u201cVeri Sorumlusu\u201d s\u0131fat\u0131yla, Vak\u0131flar Genel M\u00fcd\u00fcrl\u00fc\u011f\u00fc\u2019ne kay\u0131tl\u0131, Kordon Vergi Dairesi\u2019nde 3250078874 vergi kimlik numaral\u0131 ve Ege Mahallesi \u0130\u015f\u00e7iler Cad. [&hellip;]<\/p>\n","protected":false},"author":1,"featured_media":0,"parent":0,"menu_order":0,"comment_status":"closed","ping_status":"closed","template":"","meta":{"footnotes":""},"class_list":["post-6157","page","type-page","status-publish","hentry"],"_links":{"self":[{"href":"https:\/\/yesilakademi.org\/tr\/wp-json\/wp\/v2\/pages\/6157","targetHints":{"allow":["GET"]}}],"collection":[{"href":"https:\/\/yesilakademi.org\/tr\/wp-json\/wp\/v2\/pages"}],"about":[{"href":"https:\/\/yesilakademi.org\/tr\/wp-json\/wp\/v2\/types\/page"}],"author":[{"embeddable":true,"href":"https:\/\/yesilakademi.org\/tr\/wp-json\/wp\/v2\/users\/1"}],"replies":[{"embeddable":true,"href":"https:\/\/yesilakademi.org\/tr\/wp-json\/wp\/v2\/comments?post=6157"}],"version-history":[{"count":6,"href":"https:\/\/yesilakademi.org\/tr\/wp-json\/wp\/v2\/pages\/6157\/revisions"}],"predecessor-version":[{"id":6172,"href":"https:\/\/yesilakademi.org\/tr\/wp-json\/wp\/v2\/pages\/6157\/revisions\/6172"}],"wp:attachment":[{"href":"https:\/\/yesilakademi.org\/tr\/wp-json\/wp\/v2\/media?parent=6157"}],"curies":[{"name":"wp","href":"https:\/\/api.w.org\/{rel}","templated":true}]}}