{"id":5204,"date":"2021-10-25T11:50:15","date_gmt":"2021-10-25T08:50:15","guid":{"rendered":"https:\/\/yesilakademi.org\/?page_id=5204"},"modified":"2022-06-13T10:44:31","modified_gmt":"2022-06-13T07:44:31","slug":"uzmanlar","status":"publish","type":"page","link":"https:\/\/yesilakademi.org\/tr\/uzmanlar\/","title":{"rendered":"Uzmanlar"},"content":{"rendered":"<p>[vc_row][vc_column][vc_column_text]<\/p>\n<table width=\"462\">\n<tbody>\n<tr>\n<td width=\"197\"><strong>Uzmanlar<\/strong><\/td>\n<td width=\"265\"><strong>Konu<\/strong><\/td>\n<\/tr>\n<tr>\n<td width=\"197\">Ayg\u00fcn Paky\u00fcrek<\/td>\n<td width=\"265\">\u0130klim, Uluslararas\u0131 Politikalar<\/td>\n<\/tr>\n<tr>\n<td width=\"197\">Prof. Dr.Cant\u00fcrk G\u00fcm\u00fc\u015f<\/td>\n<td width=\"265\">Orman<\/td>\n<\/tr>\n<tr>\n<td width=\"197\">Demet Yap\u0131c\u0131o\u011flu G\u00fcrcan<\/td>\n<td width=\"265\">\u0130klim, D\u00f6ng\u00fcsel Ekonomi<\/td>\n<\/tr>\n<tr>\n<td width=\"197\">Dilara Baytekin<\/td>\n<td width=\"265\">\u00c7eviri, \u0130leti\u015fim<\/td>\n<\/tr>\n<tr>\n<td width=\"197\">Prof. Dr. Do\u011fanay Tolunay<\/td>\n<td width=\"265\">\u0130klim, Orman<\/td>\n<\/tr>\n<tr>\n<td width=\"197\">Gerhard Rauch<\/td>\n<td width=\"265\">Yenilenebilir Enerji, Enerji Verimlili\u011fi<\/td>\n<\/tr>\n<tr>\n<td width=\"197\">Katarzyna Hada\u015b<\/td>\n<td width=\"265\">Orman<\/td>\n<\/tr>\n<tr>\n<td width=\"197\">Do\u00e7. Dr. Mete \u00c7ubuk\u00e7u<\/td>\n<td width=\"265\">Yenilenebilir Enerji, Enerji Verimlili\u011fi<\/td>\n<\/tr>\n<tr>\n<td width=\"197\">Mustafa Samet Sevin\u00e7<\/td>\n<td width=\"265\">Orman<\/td>\n<\/tr>\n<tr>\n<td width=\"197\">\u00dclk\u00fc Karata\u015f Ongun<\/td>\n<td width=\"265\">\u0130klim, D\u00f6ng\u00fcsel Ekonomi<\/td>\n<\/tr>\n<tr>\n<td width=\"197\">Salem Kadi<\/td>\n<td width=\"265\">Yenilenebilir Enerji, Enerji Verimlili\u011fi<\/td>\n<\/tr>\n<tr>\n<td width=\"197\">Yasemen Bilgili<\/td>\n<td width=\"265\">\u0130klim , Orman , D\u00f6ng\u00fcsel Ekonomi<\/td>\n<\/tr>\n<\/tbody>\n<\/table>\n<p>[\/vc_column_text][vc_column_text][\/vc_column_text][\/vc_column][\/vc_row][vc_row][vc_column][\/vc_column][\/vc_row]<\/p>\n","protected":false},"excerpt":{"rendered":"<p>[vc_row][vc_column][vc_column_text] Uzmanlar Konu Ayg\u00fcn Paky\u00fcrek \u0130klim, Uluslararas\u0131 Politikalar Prof. Dr.Cant\u00fcrk G\u00fcm\u00fc\u015f Orman Demet Yap\u0131c\u0131o\u011flu G\u00fcrcan \u0130klim, D\u00f6ng\u00fcsel Ekonomi Dilara Baytekin \u00c7eviri, \u0130leti\u015fim Prof. Dr. Do\u011fanay Tolunay \u0130klim, Orman Gerhard Rauch Yenilenebilir Enerji, Enerji Verimlili\u011fi Katarzyna Hada\u015b Orman Do\u00e7. Dr. Mete \u00c7ubuk\u00e7u Yenilenebilir Enerji, Enerji Verimlili\u011fi Mustafa Samet Sevin\u00e7 Orman \u00dclk\u00fc Karata\u015f Ongun \u0130klim, D\u00f6ng\u00fcsel Ekonomi [&hellip;]<\/p>\n","protected":false},"author":1,"featured_media":0,"parent":0,"menu_order":0,"comment_status":"closed","ping_status":"closed","template":"","meta":{"footnotes":""},"class_list":["post-5204","page","type-page","status-publish","hentry"],"_links":{"self":[{"href":"https:\/\/yesilakademi.org\/tr\/wp-json\/wp\/v2\/pages\/5204","targetHints":{"allow":["GET"]}}],"collection":[{"href":"https:\/\/yesilakademi.org\/tr\/wp-json\/wp\/v2\/pages"}],"about":[{"href":"https:\/\/yesilakademi.org\/tr\/wp-json\/wp\/v2\/types\/page"}],"author":[{"embeddable":true,"href":"https:\/\/yesilakademi.org\/tr\/wp-json\/wp\/v2\/users\/1"}],"replies":[{"embeddable":true,"href":"https:\/\/yesilakademi.org\/tr\/wp-json\/wp\/v2\/comments?post=5204"}],"version-history":[{"count":10,"href":"https:\/\/yesilakademi.org\/tr\/wp-json\/wp\/v2\/pages\/5204\/revisions"}],"predecessor-version":[{"id":7108,"href":"https:\/\/yesilakademi.org\/tr\/wp-json\/wp\/v2\/pages\/5204\/revisions\/7108"}],"wp:attachment":[{"href":"https:\/\/yesilakademi.org\/tr\/wp-json\/wp\/v2\/media?parent=5204"}],"curies":[{"name":"wp","href":"https:\/\/api.w.org\/{rel}","templated":true}]}}