{"id":5197,"date":"2021-10-25T11:45:19","date_gmt":"2021-10-25T08:45:19","guid":{"rendered":"https:\/\/yesilakademi.org\/?page_id=5197"},"modified":"2022-02-01T13:21:20","modified_gmt":"2022-02-01T10:21:20","slug":"proje","status":"publish","type":"page","link":"https:\/\/yesilakademi.org\/tr\/proje\/","title":{"rendered":"Proje"},"content":{"rendered":"<p>[vc_row css=&#8221;.vc_custom_1435816078010{margin-bottom: 15px !important;}&#8221;][vc_column][vc_custom_heading text=&#8221;Continued Dialogue, Closer to Europe Projesi&#8221; use_theme_fonts=&#8221;yes&#8221; css=&#8221;.vc_custom_1643710638586{margin-bottom: 29px !important;}&#8221;][vc_column_text css=&#8221;.vc_custom_1643710840089{margin-bottom: 32px !important;}&#8221;]<strong>1-Proje Koordinat\u00f6r Kurum: <\/strong>Hayat Boyu \u00d6\u011frenme, Mesleki E\u011fitim ve Geli\u015ftirme Derne\u011fi<\/p>\n<p><strong>\u00a0<\/strong><strong>2-Proje Ortaklar\u0131: <\/strong><\/p>\n<p>1-RENAC energy &amp; climate gGmbH -Almanya<\/p>\n<p>2-Osrodek Badawczo Edukacyjny w Zielonowie (OBEZ) -Polonya<\/p>\n<p>3-Ege Orman Vakf\u0131-T\u00fcrkiye<\/p>\n<p>4-T\u00fcrkiye Ormanc\u0131lar Derne\u011fi-T\u00fcrkiye<\/p>\n<p><strong>\u00a0<\/strong><strong>3-Proje \u0130\u015ftirak\u00e7ileri:<\/strong><\/p>\n<p>1-Kar\u015f\u0131yaka Belediyesi<\/p>\n<p>2-Bayrakl\u0131 Nuri Atik Mesleki ve Teknik Anadolu Lisesi<\/p>\n<p>3-\u00d6zel Ege Lisesi<\/p>\n<p>4-Buca S\u00fcleyman \u015eah Mesleki ve Teknik Anadolu Lisesi<\/p>\n<p>5-\u0130zmir Ticaret Borsas\u0131<\/p>\n<p><strong>\u00a0<\/strong><strong>4-Proje S\u00fcresi: <\/strong>12 Ay<\/p>\n<p><strong>\u00a0<\/strong><strong>5-Hedef Gruplar : <\/strong>15-18 ya\u015f grubu gen\u00e7ler<\/p>\n<p>\u0130zmir \u0130li E\u011fitim ve \u00d6\u011fretim Kurumlar\u0131<\/p>\n<p>\u0130zmir Halk\u0131<\/p>\n<p><strong>6-Proje Detaylar\u0131:<\/strong> Avrupa Birli\u011fi ve T\u00fcrkiye\u2019de konusunda uzman Sivil Toplum Kurulu\u015flar\u0131 ve kurumsal payda\u015flar aras\u0131nda kurulan diyalog ve i\u015f birli\u011fi ile Enerji ve \u00c7evre konularda gen\u00e7lere y\u00f6nelik yenilik\u00e7i e\u011fitim materyallerinin yer ald\u0131\u011f\u0131 tamamlay\u0131c\u0131 dijital bir bilgi sa\u011flama platformu olu\u015fturulmas\u0131 hedeflenmi\u015ftir.<\/p>\n<p>15-18 ya\u015f aral\u0131\u011f\u0131ndaki \u00f6\u011frenciler, uzmanlar ve e\u011fitimcilerle birlikte \u00e7al\u0131\u015farak seviyelerine ve T\u00fcrkiye\u2019deki e\u011fitim sistemine uygun online e\u011fitim i\u00e7erikleri geli\u015ftirmi\u015flerdir. Bu i\u00e7erikler ile olu\u015fturulan platform gen\u00e7lerin e\u011fitimleri i\u00e7in g\u00fcncel dijital kaynaklara eri\u015febilecekleri, kariyerleri i\u00e7in kapasitelerini geli\u015ftirebilecekleri, AB Enerji, \u00c7evre politikalar\u0131 hakk\u0131nda bilgi sahibi olabilecekleri a\u00e7\u0131k k\u00fct\u00fcphane olarak kullan\u0131ma a\u00e7\u0131lm\u0131\u015ft\u0131r.<\/p>\n<p>Ulusal ve uluslararas\u0131 sivil toplum kurulu\u015flar\u0131, e\u011fitim kurumlar\u0131, \u00f6zel sekt\u00f6r, kamu kurumlar\u0131 ve yerel y\u00f6netimler i\u00e7in tekrarlanabilme \u00f6zelli\u011fine sahip proje, T\u00fcrkiye\u2019nin enerji, \u00e7evre ve s\u00fcrd\u00fcr\u00fclebilir kalk\u0131nma politikalar\u0131 ile\u00a0 Birle\u015fmi\u015f Milletler S\u00fcrd\u00fcr\u00fclebilir Geli\u015fme Hedefleri aras\u0131nda yer alan Nitelikli E\u011fitim, \u0130klim Eylemi, S\u00fcrd\u00fcr\u00fclebilir \u015eehirler ve Topluluklar maddelerine katk\u0131da bulunmas\u0131n\u0131n yan\u0131 s\u0131ra 2019-2027 AB Gen\u00e7lik Stratejisi ile uyumlu olarak fark\u0131ndal\u0131k olu\u015fturulmas\u0131n\u0131, ye\u015fil yaka i\u015flerde yer alacak gen\u00e7lerin say\u0131s\u0131n\u0131n artmas\u0131n\u0131 sa\u011flayacakt\u0131r.[\/vc_column_text][\/vc_column][\/vc_row][vc_row][vc_column offset=&#8221;vc_hidden-lg vc_hidden-md vc_hidden-sm vc_hidden-xs&#8221;][stm_multy_separator css=&#8221;.vc_custom_1435819083449{margin-bottom: 64px !important;}&#8221;][vc_custom_heading text=&#8221;Certifications&#8221; use_theme_fonts=&#8221;yes&#8221; css=&#8221;.vc_custom_1532608445427{margin-bottom: 37px !important;}&#8221;][vc_row_inner][vc_column_inner width=&#8221;1\/3&#8243;][stm_certificate title=&#8221;Google Certified&#8221; image=&#8221;394&#8243;][\/vc_column_inner][vc_column_inner width=&#8221;1\/3&#8243;][stm_certificate title=&#8221;Microsoft Certified&#8221; image=&#8221;394&#8243;][\/vc_column_inner][vc_column_inner width=&#8221;1\/3&#8243;][stm_certificate title=&#8221;Apple Certified&#8221; image=&#8221;394&#8243;][\/vc_column_inner][\/vc_row_inner][\/vc_column][\/vc_row]<\/p>\n","protected":false},"excerpt":{"rendered":"<p>[vc_row css=&#8221;.vc_custom_1435816078010{margin-bottom: 15px !important;}&#8221;][vc_column][vc_custom_heading text=&#8221;Continued Dialogue, Closer to Europe Projesi&#8221; use_theme_fonts=&#8221;yes&#8221; css=&#8221;.vc_custom_1643710638586{margin-bottom: 29px !important;}&#8221;][vc_column_text css=&#8221;.vc_custom_1643710840089{margin-bottom: 32px !important;}&#8221;]1-Proje Koordinat\u00f6r Kurum: Hayat Boyu \u00d6\u011frenme, Mesleki E\u011fitim ve Geli\u015ftirme Derne\u011fi \u00a02-Proje Ortaklar\u0131: 1-RENAC energy &amp; climate gGmbH -Almanya 2-Osrodek Badawczo Edukacyjny w Zielonowie (OBEZ) -Polonya 3-Ege Orman Vakf\u0131-T\u00fcrkiye 4-T\u00fcrkiye Ormanc\u0131lar Derne\u011fi-T\u00fcrkiye \u00a03-Proje \u0130\u015ftirak\u00e7ileri: 1-Kar\u015f\u0131yaka Belediyesi 2-Bayrakl\u0131 Nuri Atik [&hellip;]<\/p>\n","protected":false},"author":1,"featured_media":0,"parent":0,"menu_order":0,"comment_status":"closed","ping_status":"closed","template":"","meta":{"footnotes":""},"class_list":["post-5197","page","type-page","status-publish","hentry"],"_links":{"self":[{"href":"https:\/\/yesilakademi.org\/tr\/wp-json\/wp\/v2\/pages\/5197","targetHints":{"allow":["GET"]}}],"collection":[{"href":"https:\/\/yesilakademi.org\/tr\/wp-json\/wp\/v2\/pages"}],"about":[{"href":"https:\/\/yesilakademi.org\/tr\/wp-json\/wp\/v2\/types\/page"}],"author":[{"embeddable":true,"href":"https:\/\/yesilakademi.org\/tr\/wp-json\/wp\/v2\/users\/1"}],"replies":[{"embeddable":true,"href":"https:\/\/yesilakademi.org\/tr\/wp-json\/wp\/v2\/comments?post=5197"}],"version-history":[{"count":4,"href":"https:\/\/yesilakademi.org\/tr\/wp-json\/wp\/v2\/pages\/5197\/revisions"}],"predecessor-version":[{"id":5254,"href":"https:\/\/yesilakademi.org\/tr\/wp-json\/wp\/v2\/pages\/5197\/revisions\/5254"}],"wp:attachment":[{"href":"https:\/\/yesilakademi.org\/tr\/wp-json\/wp\/v2\/media?parent=5197"}],"curies":[{"name":"wp","href":"https:\/\/api.w.org\/{rel}","templated":true}]}}