{"id":413,"date":"2018-07-26T12:16:19","date_gmt":"2018-07-26T12:16:19","guid":{"rendered":"http:\/\/lmsdemo.loc\/lms\/?page_id=413"},"modified":"2022-06-06T14:44:21","modified_gmt":"2022-06-06T11:44:21","slug":"bize-ulasin","status":"publish","type":"page","link":"https:\/\/yesilakademi.org\/tr\/bize-ulasin\/","title":{"rendered":"Bize Ula\u015f\u0131n"},"content":{"rendered":"<p>[vc_row css=&#8221;.vc_custom_1435659486461{margin-bottom: 0px !important;}&#8221;][vc_column width=&#8221;1\/2&#8243; el_class=&#8221;stm_icon_box_responsive&#8221;][vc_custom_heading text=&#8221;\u0130leti\u015fim Bilgileri:&#8221; font_container=&#8221;tag:h3|text_align:left&#8221; use_theme_fonts=&#8221;yes&#8221; css=&#8221;.vc_custom_1532608688589{margin-top: -20px !important;margin-bottom: 35px !important;}&#8221;][stm_icon_box title_holder=&#8221;h5&#8243; hover_pos=&#8221;none&#8221; icon=&#8221;fa-icon-stm_icon_pin-o&#8221; icon_size=&#8221;35&#8243; icon_align=&#8221;left&#8221; icon_width=&#8221;35&#8243; icon_color=&#8221;#eab830&#8243; title=&#8221;Adres:&#8221; box_bg_color=&#8221;#ffffff&#8221; box_text_color=&#8221;#555555&#8243; css=&#8221;.vc_custom_1654515549533{margin-top: 0px !important;border-top-width: 1px !important;border-bottom-width: 1px !important;padding-top: 30px !important;padding-right: 0px !important;padding-bottom: 14px !important;padding-left: 0px !important;border-top-color: #e1e2e4 !important;border-top-style: solid !important;border-bottom-color: #e1e2e4 !important;border-bottom-style: solid !important;}&#8221; css_icon=&#8221;.vc_custom_1654515549532{padding-left: 7px !important;}&#8221;]<\/p>\n<div class=\"text\">Mavi\u015fehir, Aziz Nesin Blv., 35590 Kar\u015f\u0131yaka \/ \u0130ZM\u0130R<\/div>\n<p>[\/stm_icon_box][vc_row_inner css=&#8221;.vc_custom_1435139343164{margin-bottom: 0px !important;}&#8221;][vc_column_inner el_class=&#8221;stm_sm_gutter_back&#8221; css=&#8221;.vc_custom_1436791397964{padding-right: 0px !important;}&#8221; offset=&#8221;vc_col-lg-6 vc_col-md-6&#8243;][stm_icon_box title_holder=&#8221;h5&#8243; hover_pos=&#8221;none&#8221; link_color_style=&#8221;dark&#8221; icon=&#8221;fa-icon-stm_icon_phone-o&#8221; icon_size=&#8221;33&#8243; icon_align=&#8221;left&#8221; icon_width=&#8221;35&#8243; icon_color=&#8221;#eab830&#8243; title=&#8221;Telefon:&#8221; box_bg_color=&#8221;#ffffff&#8221; box_text_color=&#8221;#555555&#8243; css=&#8221;.vc_custom_1654515664072{margin-top: 27px !important;border-bottom-width: 1px !important;padding-top: 0px !important;padding-right: 15px !important;padding-bottom: 17px !important;padding-left: 0px !important;border-bottom-color: #e1e2e4 !important;border-bottom-style: solid !important;}&#8221; css_icon=&#8221;.vc_custom_1654515664071{padding-left: 7px !important;}&#8221;]<a href=\"tel:+90 (535) 345-5898\">+90 (535) 345-5898<\/a>[\/stm_icon_box][\/vc_column_inner][vc_column_inner el_class=&#8221;stm_sm_gutter_back&#8221; css=&#8221;.vc_custom_1436790977027{padding-left: 0px !important;}&#8221; offset=&#8221;vc_col-lg-6 vc_col-md-6&#8243;][stm_icon_box title_holder=&#8221;h5&#8243; hover_pos=&#8221;none&#8221; link_color_style=&#8221;dark&#8221; icon=&#8221;fa-icon-stm_icon_mail-o&#8221; icon_size=&#8221;22&#8243; icon_align=&#8221;left&#8221; icon_width=&#8221;35&#8243; icon_color=&#8221;#eab830&#8243; title=&#8221;E-posta:&#8221; box_bg_color=&#8221;#ffffff&#8221; box_text_color=&#8221;#555555&#8243; css=&#8221;.vc_custom_1649686373269{margin-top: 27px !important;padding-top: 0px !important;padding-right: 15px !important;padding-bottom: 14px !important;padding-left: 0px !important;}&#8221; css_icon=&#8221;.vc_custom_1649686373268{padding-top: 10px !important;padding-left: 3px !important;}&#8221;]<a href=\"mailto:info@yesilakademi.org\">info@yesilakademi.org<\/a>[\/stm_icon_box][\/vc_column_inner][\/vc_row_inner][vc_row_inner disable_element=&#8221;yes&#8221; css=&#8221;.vc_custom_1654515729665{margin-bottom: 0px !important;}&#8221;][vc_column_inner el_class=&#8221;stm_sm_gutter_back stm_bottom_border&#8221; css=&#8221;.vc_custom_1436791452718{padding-right: 0px !important;}&#8221; offset=&#8221;vc_col-lg-6 vc_col-md-6&#8243;][stm_icon_box title_holder=&#8221;h5&#8243; hover_pos=&#8221;none&#8221; link_color_style=&#8221;dark&#8221; icon=&#8221;fab fa-instagram&#8221; icon_size=&#8221;33&#8243; icon_align=&#8221;left&#8221; icon_width=&#8221;61&#8243; icon_color=&#8221;#eab830&#8243; title=&#8221;Instagram:&#8221; box_bg_color=&#8221;#ffffff&#8221; box_text_color=&#8221;#555555&#8243; css=&#8221;.vc_custom_1649686344051{margin-top: 27px !important;border-bottom-width: 1px !important;padding-top: 0px !important;padding-right: 0px !important;padding-bottom: 17px !important;padding-left: 0px !important;border-bottom-color: #e1e2e4 !important;border-bottom-style: solid !important;}&#8221; css_icon=&#8221;.vc_custom_1649686344050{padding-left: 26px !important;}&#8221;]<a href=\"https:\/\/www.instagram.com\/hayat_boyu_ogrenme_dernegi\/\">hboder<\/a>[\/stm_icon_box][\/vc_column_inner][vc_column_inner el_class=&#8221;stm_sm_gutter_back&#8221; css=&#8221;.vc_custom_1436791272952{padding-left: 0px !important;}&#8221; offset=&#8221;vc_col-lg-6 vc_col-md-6&#8243;][stm_icon_box title_holder=&#8221;h5&#8243; hover_pos=&#8221;none&#8221; link_color_style=&#8221;dark&#8221; icon=&#8221;fa-icon-stm_icon_earth&#8221; icon_size=&#8221;33&#8243; icon_align=&#8221;left&#8221; icon_width=&#8221;61&#8243; icon_color=&#8221;#eab830&#8243; title=&#8221;Web:&#8221; box_bg_color=&#8221;#ffffff&#8221; box_text_color=&#8221;#555555&#8243; css=&#8221;.vc_custom_1649686455116{margin-top: 27px !important;padding-top: 0px !important;padding-right: 0px !important;padding-bottom: 14px !important;padding-left: 0px !important;}&#8221; css_icon=&#8221;.vc_custom_1649686455115{padding-top: 3px !important;padding-left: 26px !important;}&#8221;]<a href=\"http:\/\/yesilakademi.org\/\">yesilakademi.org<\/a>[\/stm_icon_box][\/vc_column_inner][\/vc_row_inner][\/vc_column][vc_column width=&#8221;1\/2&#8243;][vc_custom_heading text=&#8221;Konum Bilgisi:&#8221; font_container=&#8221;tag:h3|text_align:left&#8221; use_theme_fonts=&#8221;yes&#8221; css=&#8221;.vc_custom_1532608697069{margin-top: -20px !important;margin-bottom: 35px !important;}&#8221;][vc_gmaps link=&#8221;#E-8_JTNDaWZyYW1lJTIwc3JjJTNEJTIyaHR0cHMlM0ElMkYlMkZ3d3cuZ29vZ2xlLmNvbSUyRm1hcHMlMkZlbWJlZCUzRnBiJTNEJTIxMW0xOCUyMTFtMTIlMjExbTMlMjExZDMxMjMuNjcxODg1Njk0NDU1MyUyMTJkMjcuMDc4Njg5NjE1NjA3MDclMjEzZDM4LjQ3MjEzNTY3OTUwMjk1NSUyMTJtMyUyMTFmMCUyMTJmMCUyMTNmMCUyMTNtMiUyMTFpMTAyNCUyMTJpNzY4JTIxNGYxMy4xJTIxM20zJTIxMW0yJTIxMXMweDE0YmJkOWY3YjYyODY4YjMlMjUzQTB4MmNhYWIwZWM1MjY2ODFkOSUyMTJzU2lmaXIlMjUyMEthcmJvbiUyNTIwTm9rdGFzaSUyMTVlMCUyMTNtMiUyMTFzdHIlMjEyc3RyJTIxNHYxNjQ5Njg2MDkxNDkyJTIxNW0yJTIxMXN0ciUyMTJzdHIlMjIlMjB3aWR0aCUzRCUyMjYwMCUyMiUyMGhlaWdodCUzRCUyMjQ1MCUyMiUyMGZyYW1lYm9yZGVyJTNEJTIyMCUyMiUyMHN0eWxlJTNEJTIyYm9yZGVyJTNBMCUyMiUyMGFsbG93ZnVsbHNjcmVlbiUzRSUzQyUyRmlmcmFtZSUzRSUwQQ==&#8221; size=&#8221;266&#8243;][\/vc_column][\/vc_row][vc_row][vc_column][stm_multy_separator css=&#8221;.vc_custom_1435665826984{margin-top: 39px !important;margin-bottom: 0px !important;}&#8221;][\/vc_column][\/vc_row][vc_row][vc_column width=&#8221;2\/3&#8243; css=&#8221;.vc_custom_1437478190523{margin-right: 0px !important;margin-bottom: 20px !important;padding-right: 64px !important;}&#8221; el_class=&#8221;custom-border&#8221;][vc_custom_heading text=&#8221;Geri Bildirim:&#8221; font_container=&#8221;tag:h3|text_align:left&#8221; use_theme_fonts=&#8221;yes&#8221; css=&#8221;.vc_custom_1532608711151{margin-bottom: 37px !important;}&#8221;]<div role=\"form\" class=\"wpcf7\" id=\"wpcf7-f5109-o1\" lang=\"tr-TR\" dir=\"ltr\">\n<div class=\"screen-reader-response\"><p role=\"status\" aria-live=\"polite\" aria-atomic=\"true\"><\/p> <ul><\/ul><\/div>\n<form action=\"\/tr\/wp-json\/wp\/v2\/pages\/413#wpcf7-f5109-o1\" method=\"post\" class=\"wpcf7-form init\" novalidate=\"novalidate\" data-status=\"init\">\n<div style=\"display: none;\">\n<input type=\"hidden\" name=\"_wpcf7\" value=\"5109\" \/>\n<input type=\"hidden\" name=\"_wpcf7_version\" value=\"5.6.2\" \/>\n<input type=\"hidden\" name=\"_wpcf7_locale\" value=\"tr_TR\" \/>\n<input type=\"hidden\" name=\"_wpcf7_unit_tag\" value=\"wpcf7-f5109-o1\" \/>\n<input type=\"hidden\" name=\"_wpcf7_container_post\" value=\"0\" \/>\n<input type=\"hidden\" name=\"_wpcf7_posted_data_hash\" value=\"\" \/>\n<\/div>\n<div class=\"row\">\n<div class=\"col-xs-12 col-sm-6 col-md-6 col-lg-6\">\n<div class=\"form-group\">\n<span class=\"wpcf7-form-control-wrap\" data-name=\"name-125\"><input type=\"text\" name=\"name-125\" value=\"\" size=\"40\" class=\"wpcf7-form-control wpcf7-text wpcf7-validates-as-required form-control\" aria-required=\"true\" aria-invalid=\"false\" placeholder=\"Ad\u0131n\u0131z\" \/><\/span>\n<\/div>\n<\/div>\n<div class=\"col-xs-12 col-sm-6 col-md-6 col-lg-6\">\n<div class=\"form-group\">\n<span class=\"wpcf7-form-control-wrap\" data-name=\"email\"><input type=\"email\" name=\"email\" value=\"\" size=\"40\" class=\"wpcf7-form-control wpcf7-text wpcf7-email wpcf7-validates-as-required wpcf7-validates-as-email form-control\" aria-required=\"true\" aria-invalid=\"false\" placeholder=\"E-posta Adresiniz\" \/><\/span>\n<\/div>\n<\/div>\n<\/div>\n<div class=\"row\">\n<div class=\"col-xs-12 col-sm-12 col-md-12 col-lg-12\">\n<div class=\"form-group\">\n<span class=\"wpcf7-form-control-wrap\" data-name=\"message\"><textarea name=\"message\" cols=\"40\" rows=\"9\" class=\"wpcf7-form-control wpcf7-textarea wpcf7-validates-as-required form-control\" aria-required=\"true\" aria-invalid=\"false\" placeholder=\"Mesaj\u0131n\u0131z\"><\/textarea><\/span>\n<\/div>\n<\/div>\n<\/div>\n<div class=\"row\">\n<div class=\"col-xs-12 col-sm-12 col-md-12 col-lg-12\">\n<input type=\"submit\" value=\"G\u00f6nder\" class=\"wpcf7-form-control has-spinner wpcf7-submit btn btn-default\" \/>\n<\/div>\n<\/div>\n<div class=\"wpcf7-response-output\" aria-hidden=\"true\"><\/div><\/form><\/div>[\/vc_column][vc_column width=&#8221;1\/3&#8243; css=&#8221;.vc_custom_1435665074871{margin-bottom: 20px !important;}&#8221;][vc_custom_heading text=&#8221;\u0130leti\u015fim&#8221; font_container=&#8221;tag:h3|text_align:left&#8221; use_theme_fonts=&#8221;yes&#8221; css=&#8221;.vc_custom_1532608720941{margin-bottom: 37px !important;}&#8221;][stm_contact name=&#8221;Y\u00f6netim&#8221; image=&#8221;11&#8243; job=&#8221;Ye\u015fil Akademi&#8221; phone=&#8221;535 345 5898&#8243; email=&#8221;info@yesilakademi.org&#8221; image_size=&#8221;124&#215;116&#8243;][\/vc_column][\/vc_row]<\/p>\n","protected":false},"excerpt":{"rendered":"<p>[vc_row css=&#8221;.vc_custom_1435659486461{margin-bottom: 0px !important;}&#8221;][vc_column width=&#8221;1\/2&#8243; el_class=&#8221;stm_icon_box_responsive&#8221;][vc_custom_heading text=&#8221;\u0130leti\u015fim Bilgileri:&#8221; font_container=&#8221;tag:h3|text_align:left&#8221; use_theme_fonts=&#8221;yes&#8221; css=&#8221;.vc_custom_1532608688589{margin-top: -20px !important;margin-bottom: 35px !important;}&#8221;][stm_icon_box title_holder=&#8221;h5&#8243; hover_pos=&#8221;none&#8221; icon=&#8221;fa-icon-stm_icon_pin-o&#8221; icon_size=&#8221;35&#8243; icon_align=&#8221;left&#8221; icon_width=&#8221;35&#8243; icon_color=&#8221;#eab830&#8243; title=&#8221;Adres:&#8221; box_bg_color=&#8221;#ffffff&#8221; box_text_color=&#8221;#555555&#8243; css=&#8221;.vc_custom_1654515549533{margin-top: 0px !important;border-top-width: 1px !important;border-bottom-width: 1px !important;padding-top: 30px !important;padding-right: 0px !important;padding-bottom: 14px !important;padding-left: 0px !important;border-top-color: #e1e2e4 !important;border-top-style: solid !important;border-bottom-color: #e1e2e4 !important;border-bottom-style: solid !important;}&#8221; css_icon=&#8221;.vc_custom_1654515549532{padding-left: 7px !important;}&#8221;] Mavi\u015fehir, Aziz Nesin Blv., [&hellip;]<\/p>\n","protected":false},"author":1,"featured_media":0,"parent":0,"menu_order":0,"comment_status":"closed","ping_status":"closed","template":"","meta":{"footnotes":""},"class_list":["post-413","page","type-page","status-publish","hentry"],"_links":{"self":[{"href":"https:\/\/yesilakademi.org\/tr\/wp-json\/wp\/v2\/pages\/413","targetHints":{"allow":["GET"]}}],"collection":[{"href":"https:\/\/yesilakademi.org\/tr\/wp-json\/wp\/v2\/pages"}],"about":[{"href":"https:\/\/yesilakademi.org\/tr\/wp-json\/wp\/v2\/types\/page"}],"author":[{"embeddable":true,"href":"https:\/\/yesilakademi.org\/tr\/wp-json\/wp\/v2\/users\/1"}],"replies":[{"embeddable":true,"href":"https:\/\/yesilakademi.org\/tr\/wp-json\/wp\/v2\/comments?post=413"}],"version-history":[{"count":10,"href":"https:\/\/yesilakademi.org\/tr\/wp-json\/wp\/v2\/pages\/413\/revisions"}],"predecessor-version":[{"id":6282,"href":"https:\/\/yesilakademi.org\/tr\/wp-json\/wp\/v2\/pages\/413\/revisions\/6282"}],"wp:attachment":[{"href":"https:\/\/yesilakademi.org\/tr\/wp-json\/wp\/v2\/media?parent=413"}],"curies":[{"name":"wp","href":"https:\/\/api.w.org\/{rel}","templated":true}]}}