{"id":392,"date":"2018-07-26T07:17:24","date_gmt":"2018-07-26T04:17:24","guid":{"rendered":"http:\/\/lmsdemo.loc\/lms\/?page_id=392"},"modified":"2022-06-08T14:07:11","modified_gmt":"2022-06-08T11:07:11","slug":"hakkimizda","status":"publish","type":"page","link":"https:\/\/yesilakademi.org\/tr\/hakkimizda\/","title":{"rendered":"Hakk\u0131m\u0131zda"},"content":{"rendered":"<p>[vc_row css=&#8221;.vc_custom_1435816078010{margin-bottom: 15px !important;}&#8221;][vc_column width=&#8221;1\/2&#8243;][vc_custom_heading text=&#8221;Hakk\u0131m\u0131zda&#8221; use_theme_fonts=&#8221;yes&#8221; css=&#8221;.vc_custom_1654686428495{margin-bottom: 29px !important;}&#8221;][vc_column_text css=&#8221;.vc_custom_1654594421921{margin-bottom: 32px !important;}&#8221;]<strong>Ye\u015fil\u00a0 Akademi<\/strong> AB ve T\u00fcrkiye Aras\u0131nda Sivil Toplum Diyalo\u011fu 6.D\u00f6nem Hibe Program\u0131 kapsam\u0131nda y\u00fcr\u00fct\u00fclen Continued Dialogue, Closer To Europe projesi ile \u00a0geli\u015ftirilen tamamlay\u0131c\u0131 dijital bir bilgi sa\u011flama platformudur.<\/p>\n<p>T\u00fcrkiye, Almanya ve Polonya\u2019da bulunan sivil toplum kurulu\u015flar\u0131, e\u011fitim kurumlar\u0131, yerel y\u00f6netim ve \u00f6zel sekt\u00f6r\u00fcn i\u015fbirli\u011fi ile hayata ge\u00e7irilen bu platform \u00e7evre ve enerji konular\u0131nda bilgi sahibi olmak isteyen \u00f6ncelikle \u00e7ocuklar ve gen\u00e7ler olmak \u00fczere her ya\u015ftan birey i\u00e7in tasarlanm\u0131\u015ft\u0131r.<\/p>\n<p>Sistemin kavramsal ve dijital \u00e7er\u00e7evesi 15-18 ya\u015f aral\u0131\u011f\u0131ndaki gen\u00e7ler, uzmanlar ve e\u011fitimcilerin ortak \u00e7al\u0131\u015fma modeli ile olu\u015fturulmu\u015f, be\u015f ana ba\u015fl\u0131k alt\u0131nda farkl\u0131 seviyelerde haz\u0131rlanan i\u00e7eriklerle bilginin dijital alanlara aktar\u0131larak yayg\u0131nla\u015ft\u0131r\u0131lmas\u0131 sa\u011flanm\u0131\u015ft\u0131r.[\/vc_column_text][\/vc_column][vc_column width=&#8221;1\/2&#8243;][vc_single_image image=&#8221;6303&#8243; img_size=&#8221;570&#215;360&#8243; css=&#8221;.vc_custom_1654595235017{margin-bottom: 69px !important;}&#8221;][\/vc_column][\/vc_row][vc_row][vc_column][vc_column_text css=&#8221;.vc_custom_1654595258928{margin-bottom: 32px !important;}&#8221;]E\u011fitim materyallerine \u00fcye kayd\u0131 ile eri\u015filebilecek olup, kullan\u0131c\u0131lar\u0131n ki\u015fisel geli\u015fimlerini takip etmeleri i\u00e7in platforma rozet ve sertifikalar eklenmi\u015f, uzmanlara soru sorma imkan\u0131 sunan\u00a0 ileti\u015fim paneli entegre edilmi\u015ftir.<\/p>\n<p>Zaman ve mekan s\u0131n\u0131r\u0131 olmadan kendi kendine \u00f6\u011frenme y\u00f6ntemine dayal\u0131 \u00a0\u00e7evrimi\u00e7i \u00a0platform, gen\u00e7lerin e\u011fitimleri i\u00e7in g\u00fcncel dijital kaynaklara eri\u015febilecekleri, kariyerleri i\u00e7in kapasitelerini geli\u015ftirebilecekleri, \u0130klim, Orman, Yenilenebilir Enerji ve \u00a0D\u00f6ng\u00fcsel Ekonomi konular\u0131nda bilgi sahibi olabilecekleri a\u00e7\u0131k k\u00fct\u00fcphane olarak kullan\u0131ma a\u00e7\u0131lm\u0131\u015ft\u0131r.[\/vc_column_text][\/vc_column][\/vc_row][vc_row disable_element=&#8221;yes&#8221;][vc_column][stm_multy_separator css=&#8221;.vc_custom_1435819083449{margin-bottom: 64px !important;}&#8221;][vc_custom_heading text=&#8221;Sertifikalar&#8221; use_theme_fonts=&#8221;yes&#8221; css=&#8221;.vc_custom_1630590758368{margin-bottom: 37px !important;}&#8221;][vc_row_inner][vc_column_inner width=&#8221;1\/3&#8243;][stm_certificate title=&#8221;Google Sertifikal\u0131&#8221; image=&#8221;394&#8243;][\/vc_column_inner][vc_column_inner width=&#8221;1\/3&#8243;][stm_certificate title=&#8221;Microsoft Sertifikal\u0131&#8221; image=&#8221;394&#8243;][\/vc_column_inner][vc_column_inner width=&#8221;1\/3&#8243;][stm_certificate title=&#8221;Apple Sertifikal\u0131&#8221; image=&#8221;394&#8243;][\/vc_column_inner][\/vc_row_inner][\/vc_column][\/vc_row]<\/p>\n","protected":false},"excerpt":{"rendered":"<p>[vc_row css=&#8221;.vc_custom_1435816078010{margin-bottom: 15px !important;}&#8221;][vc_column width=&#8221;1\/2&#8243;][vc_custom_heading text=&#8221;Hakk\u0131m\u0131zda&#8221; use_theme_fonts=&#8221;yes&#8221; css=&#8221;.vc_custom_1654686428495{margin-bottom: 29px !important;}&#8221;][vc_column_text css=&#8221;.vc_custom_1654594421921{margin-bottom: 32px !important;}&#8221;]Ye\u015fil\u00a0 Akademi AB ve T\u00fcrkiye Aras\u0131nda Sivil Toplum Diyalo\u011fu 6.D\u00f6nem Hibe Program\u0131 kapsam\u0131nda y\u00fcr\u00fct\u00fclen Continued Dialogue, Closer To Europe projesi ile \u00a0geli\u015ftirilen tamamlay\u0131c\u0131 dijital bir bilgi sa\u011flama platformudur. T\u00fcrkiye, Almanya ve Polonya\u2019da bulunan sivil toplum kurulu\u015flar\u0131, e\u011fitim kurumlar\u0131, yerel y\u00f6netim ve \u00f6zel sekt\u00f6r\u00fcn [&hellip;]<\/p>\n","protected":false},"author":1,"featured_media":0,"parent":0,"menu_order":0,"comment_status":"closed","ping_status":"closed","template":"","meta":{"footnotes":""},"class_list":["post-392","page","type-page","status-publish","hentry"],"_links":{"self":[{"href":"https:\/\/yesilakademi.org\/tr\/wp-json\/wp\/v2\/pages\/392","targetHints":{"allow":["GET"]}}],"collection":[{"href":"https:\/\/yesilakademi.org\/tr\/wp-json\/wp\/v2\/pages"}],"about":[{"href":"https:\/\/yesilakademi.org\/tr\/wp-json\/wp\/v2\/types\/page"}],"author":[{"embeddable":true,"href":"https:\/\/yesilakademi.org\/tr\/wp-json\/wp\/v2\/users\/1"}],"replies":[{"embeddable":true,"href":"https:\/\/yesilakademi.org\/tr\/wp-json\/wp\/v2\/comments?post=392"}],"version-history":[{"count":5,"href":"https:\/\/yesilakademi.org\/tr\/wp-json\/wp\/v2\/pages\/392\/revisions"}],"predecessor-version":[{"id":6317,"href":"https:\/\/yesilakademi.org\/tr\/wp-json\/wp\/v2\/pages\/392\/revisions\/6317"}],"wp:attachment":[{"href":"https:\/\/yesilakademi.org\/tr\/wp-json\/wp\/v2\/media?parent=392"}],"curies":[{"name":"wp","href":"https:\/\/api.w.org\/{rel}","templated":true}]}}