{"id":6064,"date":"2018-05-21T05:54:48","date_gmt":"2018-05-21T02:54:48","guid":{"rendered":"https:\/\/yesilakademi.org\/front-page-en\/"},"modified":"2023-07-11T11:57:04","modified_gmt":"2023-07-11T08:57:04","slug":"front-page-en","status":"publish","type":"page","link":"https:\/\/yesilakademi.org\/en\/","title":{"rendered":"Front Page"},"content":{"rendered":"<p>[vc_row full_width=&#8221;stretch_row&#8221; bg_mobile=&#8221;yes&#8221; css=&#8221;.vc_custom_1632815042746{margin-bottom: 0px !important;background-image: url(https:\/\/yesilakademi.org\/wp-content\/uploads\/2021\/09\/sliderneo2.png?id=5135) !important;background-position: 0 0 !important;background-repeat: no-repeat !important;}&#8221; bg_pos=&#8221;95% 90%&#8221;][vc_column offset=&#8221;vc_col-lg-7 vc_col-md-5&#8243;][vc_empty_space height=&#8221;190px&#8221; tablet_height=&#8221;30&#8243; css=&#8221;.vc_custom_1632835292849{background-position: 0 0 !important;background-repeat: no-repeat !important;}&#8221;][vc_custom_heading text=&#8221;Ye\u015fil Akademi Platform&#8221; font_container=&#8221;tag:h1|text_align:left&#8221; google_fonts=&#8221;font_family:Montserrat%3Aregular%2C700|font_style:400%20regular%3A400%3Anormal&#8221;][vc_custom_heading text=&#8221;For a sustainable future\u2026&#8221; font_container=&#8221;tag:h3|text_align:left&#8221; use_theme_fonts=&#8221;yes&#8221;][vc_btn title=&#8221;Topics&#8221; style=&#8221;theme-button&#8221; size=&#8221;lg&#8221; link=&#8221;url:https%3A%2F%2Fyesilakademi.org%2Fen%2Ftopics%2F|title:Courses|&#8221;][vc_empty_space height=&#8221;75px&#8221;][\/vc_column][\/vc_row][vc_row][vc_column width=&#8221;1\/3&#8243;][vc_video link=&#8221;https:\/\/www.youtube.com\/embed\/KSbm1b7-l7g&#8221; image=&#8221;5916&#8243;][\/vc_column][vc_column width=&#8221;1\/3&#8243;][stm_icon_box title_holder=&#8221;h4&#8243; hover_pos=&#8221;top&#8221; icon=&#8221;fa-icon-stm_icon_book&#8221; icon_size=&#8221;54&#8243; icon_height=&#8221;76&#8243; icon_color=&#8221;#195ec8&#8243; title=&#8221;Learn&#8221; box_bg_color=&#8221;#f2f6fb&#8221; css=&#8221;.vc_custom_1654779913175{padding-bottom: 20px !important;}&#8221; link=&#8221;url:https%3A%2F%2Fyesilakademi.org%2Fegitim-icerikleri%2F&#8221;]Online lessons.[\/stm_icon_box][\/vc_column][vc_column width=&#8221;1\/3&#8243;][stm_icon_box title_holder=&#8221;h4&#8243; hover_pos=&#8221;top&#8221; icon=&#8221;fa-icon-stm_icon_film-play&#8221; icon_size=&#8221;54&#8243; icon_height=&#8221;76&#8243; icon_color=&#8221;#195ec8&#8243; title=&#8221;Be a part of the solution&#8221; box_bg_color=&#8221;#f2f6fb&#8221; css=&#8221;.vc_custom_1689065749126{padding-bottom: 20px !important;}&#8221; link=&#8221;url:%20https%3A%2F%2Fyesilakademi.org%2Fcozumun-parcasi-ol%2F&#8221;]For a sustainable future\u2026[\/stm_icon_box][\/vc_column][\/vc_row][vc_row disable_element=&#8221;yes&#8221;][vc_column width=&#8221;1\/3&#8243;][stm_icon_box title_holder=&#8221;h4&#8243; hover_pos=&#8221;top&#8221; icon=&#8221;stmlms-calendar&#8221; icon_size=&#8221;50&#8243; icon_height=&#8221;76&#8243; icon_color=&#8221;#195ec8&#8243; title=&#8221;Sertifika Programlar\u0131&#8221; box_bg_color=&#8221;#f2f6fb&#8221; css=&#8221;.vc_custom_1631193591563{padding-bottom: 20px !important;}&#8221;]<span style=\"color: #777777;\">Complete courses, Take your certificates<\/span>[\/stm_icon_box][\/vc_column][vc_column width=&#8221;1\/3&#8243;][stm_icon_box title_holder=&#8221;h4&#8243; hover_pos=&#8221;top&#8221; icon=&#8221;fa-icon-stm_icon_users&#8221; icon_size=&#8221;54&#8243; icon_height=&#8221;76&#8243; icon_color=&#8221;#195ec8&#8243; title=&#8221;Uzmanlara Ula\u015f&#8221; box_bg_color=&#8221;#f2f6fb&#8221; css=&#8221;.vc_custom_1644532431929{padding-bottom: 20px !important;}&#8221;]A\u00e7\u0131klay\u0131c\u0131 yaz\u0131[\/stm_icon_box][\/vc_column][vc_column width=&#8221;1\/3&#8243;][stm_icon_box title_holder=&#8221;h4&#8243; hover_pos=&#8221;top&#8221; icon=&#8221;stmlms-horn&#8221; icon_size=&#8221;50&#8243; icon_height=&#8221;76&#8243; icon_color=&#8221;#195ec8&#8243; title=&#8221;Haberler \/ Duyurular&#8221; box_bg_color=&#8221;#f2f6fb&#8221; css=&#8221;.vc_custom_1644532464764{padding-bottom: 20px !important;}&#8221;]A\u00e7\u0131klay\u0131c\u0131 yaz\u0131[\/stm_icon_box][\/vc_column][\/vc_row][vc_row][vc_column][vc_empty_space height=&#8221;50px&#8221;][vc_custom_heading text=&#8221;Course Categories&#8221; google_fonts=&#8221;font_family:Roboto%3A100%2C100italic%2C300%2C300italic%2Cregular%2Citalic%2C500%2C500italic%2C700%2C700italic%2C900%2C900italic|font_style:400%20regular%3A400%3Anormal&#8221;][stm_lms_courses_categories number=&#8221;5&#8243; taxonomy=&#8221;32, 157, 45, 37, 56&#8243;][vc_empty_space height=&#8221;76px&#8221;][\/vc_column][\/vc_row][vc_row full_width=&#8221;stretch_row&#8221; css=&#8221;.vc_custom_1657126407235{margin-bottom: 63px !important;background-image: url(https:\/\/yesilakademi.org\/wp-content\/uploads\/2022\/07\/s6-scaled.jpg?id=7430) !important;background-position: center !important;background-repeat: no-repeat !important;background-size: cover !important;}&#8221;][vc_column width=&#8221;2\/3&#8243; offset=&#8221;vc_col-lg-6 vc_col-md-6 vc_col-xs-12&#8243;][vc_empty_space height=&#8221;98px&#8221;][vc_custom_heading text=&#8221;Mobile Apps Available !&#8221; font_container=&#8221;tag:h2|font_size:50|text_align:left|line_height:60px&#8221; use_theme_fonts=&#8221;yes&#8221;][vc_custom_heading text=&#8221;Ye\u015fil Akademi Mobile App is Online!<br \/>\nYou can download it from App Store and Google Play.&#8221; font_container=&#8221;tag:h3|text_align:left&#8221; use_theme_fonts=&#8221;yes&#8221;][vc_btn title=&#8221;App Store&#8221; style=&#8221;theme-button&#8221; size=&#8221;lg&#8221; i_icon_fontawesome=&#8221;fab fa-app-store&#8221; add_icon=&#8221;true&#8221; link=&#8221;url:https%3A%2F%2Fapps.apple.com%2Fuz%2Fapp%2Fye%25C5%259Fil-akademi%2Fid1630778450%3Fplatform%3Diphone|title:AppStore|target:_blank|&#8221;][vc_btn title=&#8221;Google Play&#8221; style=&#8221;theme-button&#8221; size=&#8221;lg&#8221; i_icon_fontawesome=&#8221;fab fa-google-play&#8221; add_icon=&#8221;true&#8221; link=&#8221;url:https%3A%2F%2Fplay.google.com%2Fstore%2Fapps%2Fdetails%3Fid%3Dcom.neocrea.yesilakademi|title:googleplay|target:_blank|&#8221;][vc_empty_space height=&#8221;113px&#8221;][\/vc_column][\/vc_row][vc_row full_width=&#8221;stretch_row_content&#8221;][vc_column][vc_custom_heading text=&#8221;Recently Added&#8221; font_container=&#8221;tag:h2|font_size:50|text_align:center|line_height:50px&#8221; use_theme_fonts=&#8221;yes&#8221; css=&#8221;.vc_custom_1689065711037{margin-bottom: 44px !important;}&#8221;][stm_lms_courses_carousel taxonomy_default=&#8221;32, 56, 37, 45, 157&#8243;][vc_empty_space height=&#8221;75px&#8221;][\/vc_column][\/vc_row][vc_row full_width=&#8221;stretch_row&#8221; css=&#8221;.vc_custom_1531998548740{margin-bottom: 0px !important;padding-bottom: 46px !important;background-color: #f0f4fa !important;}&#8221; bg_pos=&#8221;50% 100%&#8221;][vc_column width=&#8221;1\/6&#8243;][\/vc_column][vc_column width=&#8221;2\/3&#8243;][vc_empty_space height=&#8221;62px&#8221;][vc_custom_heading text=&#8221;Ye\u015fil Akademi &#8221; font_container=&#8221;tag:h2|font_size:50|text_align:center|line_height:50px&#8221; use_theme_fonts=&#8221;yes&#8221;][vc_custom_heading text=&#8221;Platform in Numbers&#8221; font_container=&#8221;tag:h4|font_size:18|text_align:center|line_height:28px&#8221; use_theme_fonts=&#8221;yes&#8221;][\/vc_column][vc_column width=&#8221;1\/6&#8243;][\/vc_column][\/vc_row][vc_row full_width=&#8221;stretch_row&#8221; css=&#8221;.vc_custom_1533878504383{margin-bottom: 0px !important;background: #f0f4fa url(http:\/\/masterstudy.s3.amazonaws.com\/online-light\/we_proud.png?id=948) !important;background-position: 0 0 !important;background-repeat: no-repeat !important;}&#8221; bg_pos=&#8221;50% 100%&#8221;][vc_column][vc_row_inner][vc_column_inner width=&#8221;1\/2&#8243; offset=&#8221;vc_col-lg-3 vc_col-md-3 vc_col-xs-12&#8243;][stm_stats_counter counter_value=&#8221;864&#8243; duration=&#8221;2&#8243; border=&#8221;right&#8221; title=&#8221;Users&#8221; icon_text_color=&#8221;#273044&#8243; counter_text_color=&#8221;#273044&#8243; text_font_size=&#8221;70&#8243; counter_text_font_size=&#8221;20&#8243;][vc_empty_space height=&#8221;0&#8243; tablet_height=&#8221;40&#8243;][\/vc_column_inner][vc_column_inner width=&#8221;1\/2&#8243; offset=&#8221;vc_col-lg-3 vc_col-md-3 vc_col-xs-12&#8243;][stm_stats_counter counter_value=&#8221;106&#8243; duration=&#8221;5.5&#8243; border=&#8221;right&#8221; title=&#8221;DOCUMENTS&#8221; icon_text_color=&#8221;#273044&#8243; counter_text_color=&#8221;#273044&#8243; text_font_size=&#8221;70&#8243; counter_text_font_size=&#8221;20&#8243;][vc_empty_space height=&#8221;0&#8243; tablet_height=&#8221;40&#8243;][\/vc_column_inner][vc_column_inner width=&#8221;1\/2&#8243; offset=&#8221;vc_col-lg-3 vc_col-md-3 vc_col-xs-12&#8243;][stm_stats_counter counter_value=&#8221;12&#8243; border=&#8221;right&#8221; title=&#8221;EXPERTS&#8221; icon_text_color=&#8221;#273044&#8243; counter_text_color=&#8221;#273044&#8243; text_font_size=&#8221;70&#8243; counter_text_font_size=&#8221;20&#8243;][\/vc_column_inner][vc_column_inner width=&#8221;1\/2&#8243; offset=&#8221;vc_col-lg-3 vc_col-md-3 vc_col-xs-12&#8243;][stm_stats_counter counter_value=&#8221;181&#8243; title=&#8221;CERTIFICATE&#8221; icon_text_color=&#8221;#273044&#8243; counter_text_color=&#8221;#273044&#8243; text_font_size=&#8221;70&#8243; counter_text_font_size=&#8221;20&#8243;][\/vc_column_inner][\/vc_row_inner][vc_empty_space height=&#8221;260px&#8221;][\/vc_column][\/vc_row][vc_row full_width=&#8221;stretch_row&#8221; el_class=&#8221;primary_bg_color&#8221; css=&#8221;.vc_custom_1649252028900{margin-bottom: 0px !important;}&#8221;][vc_column offset=&#8221;vc_col-lg-7 vc_col-md-7&#8243;][vc_empty_space height=&#8221;27px&#8221;][vc_custom_heading text=&#8221;Your feedback and recommendations are important to us. You can send your message to us by filling out the contact form.&#8221; font_container=&#8221;tag:h5|font_size:15|text_align:left|color:%23ffffff|line_height:22px&#8221; use_theme_fonts=&#8221;yes&#8221; el_class=&#8221;fwl&#8221;][vc_empty_space height=&#8221;50px&#8221; tablet_height=&#8221;0&#8243;][\/vc_column][vc_column offset=&#8221;vc_col-lg-5 vc_col-md-5&#8243;][vc_empty_space height=&#8221;18px&#8221;][vc_btn title=&#8221;Contact&#8221; style=&#8221;theme-button&#8221; size=&#8221;lg&#8221; link=&#8221;url:https%3A%2F%2Fyesilakademi.org%2Ftr%2Fbize-ulasin%2F|title:Contact|&#8221;][vc_empty_space height=&#8221;50px&#8221;][\/vc_column][\/vc_row][vc_row full_width=&#8221;stretch_row&#8221; disable_element=&#8221;yes&#8221; css=&#8221;.vc_custom_1652776861115{margin-bottom: 0px !important;background-color: #f0f4fa !important;}&#8221; bg_pos=&#8221;50% 100%&#8221;][vc_column width=&#8221;1\/6&#8243;][\/vc_column][vc_column width=&#8221;2\/3&#8243;][vc_empty_space height=&#8221;90px&#8221;][vc_custom_heading text=&#8221;New Courses&#8221; font_container=&#8221;tag:h2|font_size:50|text_align:center|line_height:50px&#8221; use_theme_fonts=&#8221;yes&#8221;][vc_custom_heading text=&#8221;Discover our new self-learning courses&#8221; font_container=&#8221;tag:h4|font_size:18|text_align:center|line_height:28px&#8221; use_theme_fonts=&#8221;yes&#8221;][vc_empty_space height=&#8221;40px&#8221;][\/vc_column][vc_column width=&#8221;1\/6&#8243;][\/vc_column][\/vc_row][vc_row full_width=&#8221;stretch_row_content&#8221; disable_element=&#8221;yes&#8221; css=&#8221;.vc_custom_1652776870609{background-color: #f0f4fa !important;}&#8221;][vc_column][stm_lms_recent_courses posts_per_page=&#8221;6&#8243;][vc_empty_space height=&#8221;75px&#8221;][\/vc_column][\/vc_row][vc_row full_width=&#8221;stretch_row_content&#8221; equal_height=&#8221;yes&#8221; css=&#8221;.vc_custom_1533037364435{padding-right: 6.55% !important;padding-left: 6.55% !important;}&#8221;][vc_column offset=&#8221;vc_col-lg-6 vc_hidden-lg vc_col-md-6 vc_hidden-md vc_hidden-sm vc_hidden-xs&#8221;][stm_image_box title=&#8221;\u00d6\u011fretmen olun&#8221; textarea=&#8221;Sevdi\u011fin \u015feyi \u00f6\u011fret. Ye\u015fil Akademi size bir kurs olu\u015fturman\u0131z i\u00e7in gerekli ara\u00e7lar\u0131 sa\u011flar.&#8221; image=&#8221;321&#8243; button=&#8221;url:%23|title:%C3%96%C4%9Fretmeye%20ba%C5%9Fla|target:_blank&#8221;][vc_empty_space height=&#8221;75px&#8221;][\/vc_column][vc_column offset=&#8221;vc_col-lg-6 vc_hidden-lg vc_col-md-6 vc_hidden-md vc_hidden-sm vc_hidden-xs&#8221;][stm_image_box title=&#8221;\u0130\u015f \u0130\u00e7in Ye\u015fil Akademi&#8221; textarea=&#8221;Ekibiniz i\u00e7in Udemy&#8217;nin en iyi 2.500 kursuna s\u0131n\u0131rs\u0131z eri\u015fim elde edin.&#8221; image=&#8221;320&#8243; button=&#8221;url:%23|title:%C4%B0%C5%9F%20Yap%C4%B1n|target:_blank&#8221;][vc_empty_space height=&#8221;75px&#8221;][\/vc_column][\/vc_row][vc_row full_width=&#8221;stretch_row_content_no_spaces&#8221; css=&#8221;.vc_custom_1531830215765{margin-bottom: 0px !important;}&#8221;][vc_column offset=&#8221;vc_hidden-lg vc_hidden-md vc_hidden-sm vc_hidden-xs&#8221;][stm_testimonials style=&#8221;style_2&#8243; testimonials_slides_per_row=&#8221;2&#8243; testimonials_max_num=&#8221;3&#8243;][\/vc_column][\/vc_row]<\/p>\n","protected":false},"excerpt":{"rendered":"<p>[vc_row full_width=&#8221;stretch_row&#8221; bg_mobile=&#8221;yes&#8221; css=&#8221;.vc_custom_1632815042746{margin-bottom: 0px !important;background-image: url(https:\/\/yesilakademi.org\/wp-content\/uploads\/2021\/09\/sliderneo2.png?id=5135) !important;background-position: 0 0 !important;background-repeat: no-repeat !important;}&#8221; bg_pos=&#8221;95% 90%&#8221;][vc_column offset=&#8221;vc_col-lg-7 vc_col-md-5&#8243;][vc_empty_space height=&#8221;190px&#8221; tablet_height=&#8221;30&#8243; css=&#8221;.vc_custom_1632835292849{background-position: 0 0 !important;background-repeat: no-repeat !important;}&#8221;][vc_custom_heading text=&#8221;Ye\u015fil Akademi Platform&#8221; font_container=&#8221;tag:h1|text_align:left&#8221; google_fonts=&#8221;font_family:Montserrat%3Aregular%2C700|font_style:400%20regular%3A400%3Anormal&#8221;][vc_custom_heading text=&#8221;For a sustainable future\u2026&#8221; font_container=&#8221;tag:h3|text_align:left&#8221; use_theme_fonts=&#8221;yes&#8221;][vc_btn title=&#8221;Topics&#8221; style=&#8221;theme-button&#8221; size=&#8221;lg&#8221; link=&#8221;url:https%3A%2F%2Fyesilakademi.org%2Fen%2Ftopics%2F|title:Courses|&#8221;][vc_empty_space height=&#8221;75px&#8221;][\/vc_column][\/vc_row][vc_row][vc_column width=&#8221;1\/3&#8243;][vc_video link=&#8221;https:\/\/www.youtube.com\/embed\/KSbm1b7-l7g&#8221; image=&#8221;5916&#8243;][\/vc_column][vc_column width=&#8221;1\/3&#8243;][stm_icon_box title_holder=&#8221;h4&#8243; hover_pos=&#8221;top&#8221; icon=&#8221;fa-icon-stm_icon_book&#8221; icon_size=&#8221;54&#8243; icon_height=&#8221;76&#8243; icon_color=&#8221;#195ec8&#8243; title=&#8221;Learn&#8221; box_bg_color=&#8221;#f2f6fb&#8221; css=&#8221;.vc_custom_1654779913175{padding-bottom: 20px [&hellip;]<\/p>\n","protected":false},"author":1,"featured_media":0,"parent":0,"menu_order":0,"comment_status":"closed","ping_status":"closed","template":"","meta":{"footnotes":""},"class_list":["post-6064","page","type-page","status-publish","hentry"],"_links":{"self":[{"href":"https:\/\/yesilakademi.org\/en\/wp-json\/wp\/v2\/pages\/6064","targetHints":{"allow":["GET"]}}],"collection":[{"href":"https:\/\/yesilakademi.org\/en\/wp-json\/wp\/v2\/pages"}],"about":[{"href":"https:\/\/yesilakademi.org\/en\/wp-json\/wp\/v2\/types\/page"}],"author":[{"embeddable":true,"href":"https:\/\/yesilakademi.org\/en\/wp-json\/wp\/v2\/users\/1"}],"replies":[{"embeddable":true,"href":"https:\/\/yesilakademi.org\/en\/wp-json\/wp\/v2\/comments?post=6064"}],"version-history":[{"count":32,"href":"https:\/\/yesilakademi.org\/en\/wp-json\/wp\/v2\/pages\/6064\/revisions"}],"predecessor-version":[{"id":9559,"href":"https:\/\/yesilakademi.org\/en\/wp-json\/wp\/v2\/pages\/6064\/revisions\/9559"}],"wp:attachment":[{"href":"https:\/\/yesilakademi.org\/en\/wp-json\/wp\/v2\/media?parent=6064"}],"curies":[{"name":"wp","href":"https:\/\/api.w.org\/{rel}","templated":true}]}}